{"id":7939,"date":"2025-11-05T19:16:48","date_gmt":"2025-11-05T18:16:48","guid":{"rendered":"https:\/\/www.somicmf.org\/pagina-inicial\/"},"modified":"2026-05-05T23:32:15","modified_gmt":"2026-05-05T21:32:15","slug":"pagina-inicial","status":"publish","type":"page","link":"https:\/\/www.somicmf.org\/pt-pt\/","title":{"rendered":"P\u00e1gina inicial"},"content":{"rendered":"<div class=\"et_pb_section_0 et_pb_section et_section_regular et_block_section preset--module--divi-section--2a44bac9-7650-4682-856e-7562fa316425\">\n<div class=\"et_pb_row_0 et_pb_row et_block_row\">\n<div class=\"et_pb_column_0 et_pb_column et_pb_column_4_4 et-last-child et_block_column et_pb_css_mix_blend_mode_passthrough\">\n<div class=\"et_pb_heading_0 et_pb_heading et_pb_module et_block_module preset--module--divi-heading--a8dc93f0-c78d-4a5b-91d5-72a156acc78e\"><div class=\"et_pb_heading_container\"><h1 class=\"et_pb_module_header\">Solidariedade e Miss\u00e3o<\/h1><\/div><\/div>\n\n<div class=\"et_pb_text_0 et_pb_text et_pb_bg_layout_light et_pb_module et_block_module et_pb_text_align_center preset--module--divi-text--9c84f96a-e537-4f61-af02-e74646a4fe39\"><div class=\"et_pb_text_inner\"><p><strong data-start=\"556\" data-end=\"598\">\u201cEram um s\u00f3 cora\u00e7\u00e3o e uma s\u00f3 alma.\u201d <\/strong>\u2014 <em>Atos 4:32<\/em><\/p>\n<\/div><\/div>\n<\/div>\n<\/div>\n\n<div class=\"et_pb_row_1 et_pb_row et_flex_row\">\n<div class=\"et_pb_column_1 et_pb_column et-last-child et_flex_column et_pb_css_mix_blend_mode_passthrough et_flex_column_24_24 et_flex_column_24_24_tablet et_flex_column_24_24_phone\">\n<div class=\"et_pb_module et_pb_button_module_wrapper et_pb_button_0_wrapper\"><a class=\"et_pb_button_0 et_pb_button et_pb_bg_layout_light et_pb_module et_flex_module\" href=\"#cmd-26\" data-icon=\"&quot;\">DIA DA MISSOA CLARETIANA 2026<\/a><\/div>\n<\/div>\n<\/div>\n\n<div class=\"et_pb_row_2 et_pb_row et_pb_equal_columns et_block_row\">\n<div class=\"et_pb_column_2 et_pb_column et_pb_column_1_3 et_block_column et_pb_css_mix_blend_mode_passthrough preset--module--divi-column--ebd20c7d-ae53-4cfb-a37a-5b0918e574b9\">\n<div class=\"et_pb_heading_1 et_pb_heading et_pb_module et_block_module preset--module--divi-heading--7b5130dd-0e7a-45e1-b26a-4412272fd75d\"><div class=\"et_pb_heading_container\"><h4 class=\"et_pb_module_header\">Justi\u00e7a, Paz e Integridade da Cria\u00e7\u00e3o (JPIC)<\/h4><\/div><\/div>\n\n<div class=\"et_pb_text_1 et_pb_text et_pb_bg_layout_light et_pb_module et_block_module preset--module--divi-text--6265ec8c-4690-4193-a5b2-8253ea79e6e5\"><div class=\"et_pb_text_inner\"><p>Apoia os organismos maiores a tornar a obra de evangeliza\u00e7\u00e3o prof\u00e9tica e libertadora, na perspectiva dos pobres e necessitados (cf. Dir 113)<\/p>\n<\/div><\/div>\n\n<div class=\"et_pb_module et_pb_button_module_wrapper et_pb_button_1_wrapper preset--module--divi-button--184a20a6-950f-46b1-a21f-7897d3f23e3f_wrapper\"><a class=\"et_pb_button_1 et_pb_button et_pb_bg_layout_light et_pb_module et_block_module preset--module--divi-button--184a20a6-950f-46b1-a21f-7897d3f23e3f\" href=\"\">Saiba mais<\/a><\/div>\n<\/div>\n\n<div class=\"et_pb_column_3 et_pb_column et_pb_column_1_3 et_block_column et_pb_css_mix_blend_mode_passthrough preset--module--divi-column--3d8842c5-9164-4fee-846e-48313f05e78c\">\n<div class=\"et_pb_heading_2 et_pb_heading et_pb_module et_block_module preset--module--divi-heading--7b5130dd-0e7a-45e1-b26a-4412272fd75d\"><div class=\"et_pb_heading_container\"><h4 class=\"et_pb_module_header\">Procura de Miss\u00f5es<\/h4><\/div><\/div>\n\n<div class=\"et_pb_text_2 et_pb_text et_pb_bg_layout_light et_pb_module et_block_module preset--module--divi-text--9c84f96a-e537-4f61-af02-e74646a4fe39\"><div class=\"et_pb_text_inner\"><p>Promove a consci\u00eancia mission\u00e1ria da Congrega\u00e7\u00e3o e a ora\u00e7\u00e3o pelas miss\u00f5es, e coordena a angaria\u00e7\u00e3o de fundos e recursos que permitam a aten\u00e7\u00e3o mission\u00e1ria \u00e0s popula\u00e7\u00f5es mais afastadas de Cristo ou com menos recursos.<\/p>\n<\/div><\/div>\n\n<div class=\"et_pb_module et_pb_button_module_wrapper et_pb_button_2_wrapper preset--module--divi-button--b40b0257-b569-4932-95c0-fd8af4a661e8_wrapper\"><a class=\"et_pb_button_2 et_pb_button et_pb_bg_layout_light et_pb_module et_block_module preset--module--divi-button--b40b0257-b569-4932-95c0-fd8af4a661e8\" href=\"\">SABER MAIS<\/a><\/div>\n<\/div>\n\n<div class=\"et_pb_column_4 et_pb_column et_pb_column_1_3 et-last-child et_block_column et_pb_css_mix_blend_mode_passthrough preset--module--divi-column--60b534e5-63d4-4f0e-b0f2-dafbce72a371\">\n<div class=\"et_pb_heading_3 et_pb_heading et_pb_module et_block_module preset--module--divi-heading--7b5130dd-0e7a-45e1-b26a-4412272fd75d\"><div class=\"et_pb_heading_container\"><h4 class=\"et_pb_module_header\">Presen\u00e7a na ONU<\/h4><\/div><\/div>\n\n<div class=\"et_pb_text_3 et_pb_text et_pb_bg_layout_light et_pb_module et_block_module preset--module--divi-text--6265ec8c-4690-4193-a5b2-8253ea79e6e5\"><div class=\"et_pb_text_inner\"><p>A <strong>PROCLADE INTERNAZIONALE<\/strong> est\u00e1 acreditada junto de v\u00e1rias institui\u00e7\u00f5es da ONU. Promove o enriquecimento da informa\u00e7\u00e3o e dos projetos da ONU, fazendo com que a voz da Congrega\u00e7\u00e3o e daqueles que partilham a sua vida chegue a quase 70 na\u00e7\u00f5es.<\/p>\n<\/div><\/div>\n\n<div class=\"et_pb_module et_pb_button_module_wrapper et_pb_button_3_wrapper preset--module--divi-button--40ecfdd1-69c3-4c7a-b04f-77847bf381f0_wrapper\"><a class=\"et_pb_button_3 et_pb_button et_pb_bg_layout_light et_pb_module et_block_module preset--module--divi-button--40ecfdd1-69c3-4c7a-b04f-77847bf381f0\" href=\"\">SABER MAIS<\/a><\/div>\n<\/div>\n<\/div>\n<\/div>\n\n<div class=\"et_pb_section_1 et_pb_section et_section_regular et_block_section preset--module--divi-section--f2deb752-4620-438d-b3da-be33ab38b3ac\">\n<div class=\"et_pb_row_3 et_pb_row et_block_row\">\n<div class=\"et_pb_column_5 et_pb_column et_pb_column_1_2 et_block_column et_pb_css_mix_blend_mode_passthrough\">\n<div class=\"et_pb_heading_4 et_pb_heading et_pb_module et_block_module preset--module--divi-heading--e4121ab8-1173-4227-a830-6d0a4f184694\"><div class=\"et_pb_heading_container\"><h2 class=\"et_pb_module_header\">O que \u00e9 o SOMI CMF?<\/h2><\/div><\/div>\n\n<div class=\"et_pb_text_4 et_pb_text et_pb_bg_layout_light et_pb_module et_block_module preset--module--divi-text--9c84f96a-e537-4f61-af02-e74646a4fe39\"><div class=\"et_pb_text_inner\"><p style=\"text-align: left;\">SOMI CMF refere-se \u00e0 Equipa de Solidariedade e Miss\u00e3o (SOMI) da Congrega\u00e7\u00e3o dos Mission\u00e1rios Claretianos (CMF). Trata-se de um \u00f3rg\u00e3o dedicado a integrar a justi\u00e7a, a paz, a integridade da cria\u00e7\u00e3o (JPIC) e a a\u00e7\u00e3o mission\u00e1ria, garantindo que estes valores sejam centrais na sua miss\u00e3o evang\u00e9lica em todo o mundo, nomeadamente atrav\u00e9s da presen\u00e7a e da defesa de causas na ONU.<\/p>\n<\/div><\/div>\n<\/div>\n\n<div class=\"et_pb_column_6 et_pb_column et_pb_column_1_2 et-last-child et_block_column et_pb_css_mix_blend_mode_passthrough\">\n<div class=\"et_pb_video_0 et_pb_video et_pb_module et_block_module preset--module--divi-video--05cb95d0-c1c5-40bf-bb41-3d90f663a4fa\"><div class=\"et_pb_video_box\"><iframe loading=\"lazy\" title=\"What is SOMI ? - Que es la SOMI?\" width=\"1080\" height=\"608\" src=\"https:\/\/www.youtube.com\/embed\/T3zVKW1p8Ak?feature=oembed\"  allow=\"accelerometer; autoplay; clipboard-write; encrypted-media; gyroscope; picture-in-picture; web-share\" referrerpolicy=\"strict-origin-when-cross-origin\" allowfullscreen><\/iframe><\/div><\/div>\n\n<div class=\"et_pb_module et_pb_button_module_wrapper et_pb_button_4_wrapper preset--module--divi-button--5aec2653-77d5-4183-ab21-405bf8adcd3b_wrapper\"><a class=\"et_pb_button_4 et_pb_button et_pb_bg_layout_light et_pb_module et_block_module preset--module--divi-button--5aec2653-77d5-4183-ab21-405bf8adcd3b\" href=\"https:\/\/www.claret.org\/\" target=\"_blank\">Saiba mais<\/a><\/div>\n<\/div>\n<\/div>\n<\/div>\n\n<div class=\"et_pb_section_2 et_pb_section et_section_regular et_block_section\" id=\"cmd-26\">\n<div class=\"et_pb_row_4 et_pb_row et_block_row\">\n<div class=\"et_pb_column_7 et_pb_column et_pb_column_1_2 et_block_column et_pb_css_mix_blend_mode_passthrough preset--module--divi-column--3d8842c5-9164-4fee-846e-48313f05e78c\">\n<div class=\"et_pb_image_0 et_pb_image et_pb_module et_block_module preset--module--divi-image--430591d0-6fbd-40f0-b4e6-baee22cfa6b7\"><span class=\"et_pb_image_wrap\"><img loading=\"lazy\" decoding=\"async\" src=\"https:\/\/www.somicmf.org\/wp-content\/uploads\/2026\/03\/EN_Logo_CMD26.png\" title=\"EN_Logo_CMD26\" width=\"608\" height=\"530\" srcset=\"https:\/\/www.somicmf.org\/wp-content\/uploads\/2026\/03\/EN_Logo_CMD26.png 608w, https:\/\/www.somicmf.org\/wp-content\/uploads\/2026\/03\/EN_Logo_CMD26-480x418.png 480w\" sizes=\"(min-width: 0px) and (max-width: 480px) 480px, (min-width: 481px) 608px, 100vw\" class=\"wp-image-6103\" \/><\/span><\/div>\n\n<div class=\"et_pb_heading_5 et_pb_heading et_pb_module et_block_module preset--module--divi-heading--7b5130dd-0e7a-45e1-b26a-4412272fd75d\"><div class=\"et_pb_heading_container\"><h4 class=\"et_pb_module_header\">Junte-se ao projeto<\/h4><\/div><\/div>\n\n<div class=\"et_pb_heading_6 et_pb_heading et_pb_module et_block_module preset--module--divi-heading--e2437b64-41c4-48a3-b79e-3bfe559dea64\"><div class=\"et_pb_heading_container\"><h6 class=\"et_pb_module_header\">Data de inaugura\u00e7\u00e3o: 12 de abril de 2026<\/h6><\/div><\/div>\n\n<div class=\"et_pb_module et_pb_button_module_wrapper et_pb_button_5_wrapper preset--module--divi-button--b40b0257-b569-4932-95c0-fd8af4a661e8_wrapper\"><a class=\"et_pb_button_5 et_pb_button et_pb_bg_layout_light et_pb_module et_block_module preset--module--divi-button--b40b0257-b569-4932-95c0-fd8af4a661e8\" href=\"https:\/\/www.paypal.com\/donate?campaign_id=69B7VQQVTXKHG\" target=\"_blank\">Doe Agora<\/a><\/div>\n<\/div>\n\n<div class=\"et_pb_column_8 et_pb_column et_pb_column_1_2 et-last-child et_block_column et_pb_css_mix_blend_mode_passthrough\">\n<div class=\"et_pb_heading_7 et_pb_heading et_pb_module et_block_module preset--module--divi-heading--e4121ab8-1173-4227-a830-6d0a4f184694\"><div class=\"et_pb_heading_container\"><h2 class=\"et_pb_module_header\">Dia da Miss\u00e3o Claretiana 2026<\/h2><\/div><\/div>\n\n<div class=\"et_pb_text_5 et_pb_text et_pb_bg_layout_light et_pb_module et_block_module preset--module--divi-text--6265ec8c-4690-4193-a5b2-8253ea79e6e5\"><div class=\"et_pb_text_inner\"><p>\u00abSem Fronteiras \u2014 \u201cO meu esp\u00edrito \u00e9 para o mundo inteiro\u201d (S. Ant\u00f3nio Maria Claret). Este lema convida-nos a reconhecer cada migrante como um irm\u00e3o ou uma irm\u00e3 e a responder com acolhimento, prote\u00e7\u00e3o e dignidade. O Dia da Miss\u00e3o Claretiana de 2026 destaca esta miss\u00e3o atrav\u00e9s de dois projetos: o apoio aos migrantes em La Quiaca, na Argentina, e a cria\u00e7\u00e3o de um espa\u00e7o de estudo e alfabetiza\u00e7\u00e3o para crian\u00e7as deslocadas em Koudougou, no Burquina Faso.\u00bb<\/p>\n<\/div><\/div>\n\n<div class=\"et_pb_module et_pb_button_module_wrapper et_pb_button_6_wrapper\"><a class=\"et_pb_button_6 et_pb_button et_pb_bg_layout_light et_pb_module et_flex_module\" href=\"https:\/\/www.somicmf.org\/claretian-mission-day-2026\/\">Learn More About<\/a><\/div>\n<\/div>\n<\/div>\n<\/div>\n\n<div class=\"et_pb_section_3 et_pb_section et_section_regular et_block_section\">\n<div class=\"et_pb_row_5 et_pb_row et_flex_row\">\n<div class=\"et_pb_column_9 et_pb_column et-last-child et_flex_column et_pb_css_mix_blend_mode_passthrough et_flex_column_24_24 et_flex_column_24_24_tablet et_flex_column_24_24_phone\">\n<div class=\"et_pb_text_6 et_pb_text et_pb_bg_layout_light et_pb_module et_flex_module\"><div class=\"et_pb_text_inner\"><h1>\u00daLTIMAS NOT\u00cdCIAS<\/h1>\n<\/div><\/div>\n<\/div>\n<\/div>\n\n<div class=\"et_pb_row_6 et_pb_row et_block_row\">\n<div class=\"et_pb_column_10 et_pb_column et_pb_column_4_4 et-last-child et_block_column et_pb_css_mix_blend_mode_passthrough\">\n<div class=\"et_pb_blog_0 et_pb_blog et_pb_bg_layout_light et_pb_posts et_pb_module\"><div class=\"et_pb_ajax_pagination_container\"><div class=\"et_pb_posts et_grid_module\"><article class=\"et_pb_post et_pb_post_id_7108 clearfix et_pb_blog_item_0_0 post-7108 post type-post status-publish format-standard has-post-thumbnail hentry tag-cmd26\"><div class=\"et_pb_image_container\"><a href=\"https:\/\/www.somicmf.org\/pt-pt\/projeto-i-dia-da-missao-claretiana-2026\/\" class=\"entry-featured-image-url\"><img loading=\"lazy\" decoding=\"async\" src=\"https:\/\/www.somicmf.org\/wp-content\/uploads\/2026\/04\/EN-ES-IT-PT-1.png\" width=\"400\" height=\"284\" alt=\"Projeto I &#8211; Dia da Miss\u00e3o Claretiana 2026\" class=\"\" srcset=\"https:\/\/www.somicmf.org\/wp-content\/uploads\/2026\/04\/EN-ES-IT-PT-1.png 479w, https:\/\/www.somicmf.org\/wp-content\/uploads\/2026\/04\/EN-ES-IT-PT-1-400x284.png 480w\" sizes=\"(max-width:479px) 479px, 100vw\" \/><span data-icon=\"\ue050\" class=\"et_overlay et_pb_inline_icon\"><\/span><\/a><\/div><h2 class=\"entry-title\"><a href=\"https:\/\/www.somicmf.org\/pt-pt\/projeto-i-dia-da-missao-claretiana-2026\/\">Projeto I &#8211; Dia da Miss\u00e3o Claretiana 2026<\/a><\/h2><p class=\"post-meta\"><span class=\"entry-categories\"><\/span><\/p><div class=\"post-content\"><div class=\"post-content-inner\"><\/div><\/div><\/article><article class=\"et_pb_post et_pb_post_id_6640 clearfix et_pb_blog_item_0_1 post-6640 post type-post status-publish format-standard has-post-thumbnail hentry category-dias-internacionais\"><div class=\"et_pb_image_container\"><a href=\"https:\/\/www.somicmf.org\/pt-pt\/dia-internacional-da-mae-terra-7\/\" class=\"entry-featured-image-url\"><img loading=\"lazy\" decoding=\"async\" src=\"https:\/\/www.somicmf.org\/wp-content\/uploads\/2026\/04\/OP.jpg\" width=\"400\" height=\"284\" alt=\"Dia Internacional da M\u00e3e Terra\" class=\"\" srcset=\"https:\/\/www.somicmf.org\/wp-content\/uploads\/2026\/04\/OP.jpg 479w, https:\/\/www.somicmf.org\/wp-content\/uploads\/2026\/04\/OP-400x284.jpg 480w\" sizes=\"(max-width:479px) 479px, 100vw\" \/><span data-icon=\"\ue050\" class=\"et_overlay et_pb_inline_icon\"><\/span><\/a><\/div><h2 class=\"entry-title\"><a href=\"https:\/\/www.somicmf.org\/pt-pt\/dia-internacional-da-mae-terra-7\/\">Dia Internacional da M\u00e3e Terra<\/a><\/h2><p class=\"post-meta\"><span class=\"entry-categories\"><a href=\"https:\/\/www.somicmf.org\/pt-pt\/categoria-pt\/dias-internacionais\/\" rel=\"tag\">dias internacionais<\/a><\/span><\/p><div class=\"post-content\"><div class=\"post-content-inner\"><\/div><\/div><\/article><article class=\"et_pb_post et_pb_post_id_6634 clearfix et_pb_blog_item_0_2 post-6634 post type-post status-publish format-standard has-post-thumbnail hentry category-dias-internacionais\"><div class=\"et_pb_image_container\"><a href=\"https:\/\/www.somicmf.org\/pt-pt\/dia-internacional-da-mae-terra-6\/\" class=\"entry-featured-image-url\"><img loading=\"lazy\" decoding=\"async\" src=\"https:\/\/www.somicmf.org\/wp-content\/uploads\/2026\/04\/OP.jpg\" width=\"400\" height=\"284\" alt=\"Dia Internacional da M\u00e3e Terra\" class=\"\" srcset=\"https:\/\/www.somicmf.org\/wp-content\/uploads\/2026\/04\/OP.jpg 479w, https:\/\/www.somicmf.org\/wp-content\/uploads\/2026\/04\/OP-400x284.jpg 480w\" sizes=\"(max-width:479px) 479px, 100vw\" \/><span data-icon=\"\ue050\" class=\"et_overlay et_pb_inline_icon\"><\/span><\/a><\/div><h2 class=\"entry-title\"><a href=\"https:\/\/www.somicmf.org\/pt-pt\/dia-internacional-da-mae-terra-6\/\">Dia Internacional da M\u00e3e Terra<\/a><\/h2><p class=\"post-meta\"><span class=\"entry-categories\"><a href=\"https:\/\/www.somicmf.org\/pt-pt\/categoria-pt\/dias-internacionais\/\" rel=\"tag\">dias internacionais<\/a><\/span><\/p><div class=\"post-content\"><div class=\"post-content-inner\"><\/div><\/div><\/article><\/div><\/div><\/div>\n<\/div>\n<\/div>\n<\/div>","protected":false},"excerpt":{"rendered":"","protected":false},"author":12,"featured_media":0,"parent":0,"menu_order":0,"comment_status":"closed","ping_status":"closed","template":"","meta":{"footnotes":""},"class_list":["post-7939","page","type-page","status-publish","hentry"],"_links":{"self":[{"href":"https:\/\/www.somicmf.org\/pt-pt\/wp-json\/wp\/v2\/pages\/7939","targetHints":{"allow":["GET"]}}],"collection":[{"href":"https:\/\/www.somicmf.org\/pt-pt\/wp-json\/wp\/v2\/pages"}],"about":[{"href":"https:\/\/www.somicmf.org\/pt-pt\/wp-json\/wp\/v2\/types\/page"}],"author":[{"embeddable":true,"href":"https:\/\/www.somicmf.org\/pt-pt\/wp-json\/wp\/v2\/users\/12"}],"replies":[{"embeddable":true,"href":"https:\/\/www.somicmf.org\/pt-pt\/wp-json\/wp\/v2\/comments?post=7939"}],"version-history":[{"count":6,"href":"https:\/\/www.somicmf.org\/pt-pt\/wp-json\/wp\/v2\/pages\/7939\/revisions"}],"predecessor-version":[{"id":8112,"href":"https:\/\/www.somicmf.org\/pt-pt\/wp-json\/wp\/v2\/pages\/7939\/revisions\/8112"}],"wp:attachment":[{"href":"https:\/\/www.somicmf.org\/pt-pt\/wp-json\/wp\/v2\/media?parent=7939"}],"curies":[{"name":"wp","href":"https:\/\/api.w.org\/{rel}","templated":true}]}}