{"id":7119,"date":"2026-04-10T11:18:06","date_gmt":"2026-04-10T09:18:06","guid":{"rendered":"https:\/\/www.somicmf.org\/dia-da-missao-claretiana\/dia-da-missao-claretiana-2026\/"},"modified":"2026-04-14T09:47:12","modified_gmt":"2026-04-14T07:47:12","slug":"dia-da-missao-claretiana-2026","status":"publish","type":"page","link":"https:\/\/www.somicmf.org\/pt-pt\/dia-da-missao-claretiana\/dia-da-missao-claretiana-2026\/","title":{"rendered":"Dia da Miss\u00e3o Claretiana 2026"},"content":{"rendered":"<div class=\"et_pb_section_0 et_pb_section et_section_regular et_flex_section\">\n<div class=\"et_pb_row_0 et_pb_row et_flex_row\">\n<div class=\"et_pb_column_0 et_pb_column et-last-child et_flex_column et_pb_css_mix_blend_mode_passthrough et_flex_column_24_24 et_flex_column_24_24_tablet et_flex_column_24_24_phone\">\n<div class=\"et_pb_image_0 et_pb_image et_pb_module et_flex_module\"><span class=\"et_pb_image_wrap\"><img loading=\"lazy\" decoding=\"async\" src=\"https:\/\/www.somicmf.org\/wp-content\/uploads\/2026\/03\/EN_Logo_CMD26.png\" title=\"EN_Logo_CMD26\" width=\"608\" height=\"530\" srcset=\"https:\/\/www.somicmf.org\/wp-content\/uploads\/2026\/03\/EN_Logo_CMD26.png 608w, https:\/\/www.somicmf.org\/wp-content\/uploads\/2026\/03\/EN_Logo_CMD26-480x418.png 480w\" sizes=\"(min-width: 0px) and (max-width: 480px) 480px, (min-width: 481px) 608px, 100vw\" class=\"wp-image-6103\" \/><\/span><\/div>\n<\/div>\n<\/div>\n<\/div>\n\n<div class=\"et_pb_section_1 et_pb_section et_pb_fullwidth_section et_section_regular et_block_section\">\n<section class=\"et_pb_fullwidth_header_0 et_pb_fullwidth_header et_pb_bg_layout_light et_pb_text_align_center et_pb_module et_flex_module\"><div class=\"et_pb_fullwidth_header_container center\"><div class=\"header-content-container center\"><div class=\"header-content et_flex_module\"><h1 class=\"et_pb_module_header\" data-et-mv-hidden-tablet=\"true\">DIA DA MISSOA CLARETIANA 2026<\/h1><span class=\"et_pb_fullwidth_header_subhead\" data-et-mv-hidden-tablet=\"true\" data-et-mv-hidden-phone=\"true\">Descubra e acompanhe as migra\u00e7\u00f5es no mundo<\/span><div class=\"et_pb_header_button_wrapper\"><\/div><\/div><\/div><\/div><div class=\"et_pb_fullwidth_header_overlay\"><\/div><div class=\"et_pb_fullwidth_header_scroll\"><\/div><\/section>\n<\/div>\n\n<div class=\"et_pb_section_2 et_pb_section et_section_regular et_flex_section\">\n<div class=\"et_pb_row_1 et_pb_row et_flex_row\">\n<div class=\"et_pb_column_1 et_pb_column et-last-child et_flex_column et_pb_css_mix_blend_mode_passthrough et_flex_column_24_24 et_flex_column_24_24_tablet et_flex_column_24_24_phone\">\n<div class=\"et_pb_video_0 et_pb_video et_pb_module et_flex_module\"><div class=\"et_pb_video_box\"><iframe loading=\"lazy\" title=\"&quot;Without Borders&quot;: Claretian Mission Day 2026\" width=\"1080\" height=\"608\" src=\"https:\/\/www.youtube.com\/embed\/Ln6-MVjOPf8?feature=oembed\"  allow=\"accelerometer; autoplay; clipboard-write; encrypted-media; gyroscope; picture-in-picture; web-share\" referrerpolicy=\"strict-origin-when-cross-origin\" allowfullscreen><\/iframe><\/div><div class=\"et_pb_video_overlay\" style=\"background-image:url(https:\/\/www.somicmf.org\/wp-content\/uploads\/2026\/04\/EN-1.png)\"><div class=\"et_pb_video_overlay_hover\"><a class=\"et_pb_video_play\" href=\"#\"><\/a><\/div><\/div><\/div>\n<\/div>\n<\/div>\n<\/div>\n\n<div class=\"et_pb_section_3 et_pb_section et_section_regular et_flex_section\">\n<div class=\"et_pb_row_2 et_pb_row et_flex_row\">\n<div class=\"et_pb_column_2 et_pb_column et-last-child et_flex_column et_pb_css_mix_blend_mode_passthrough et_flex_column_24_24 et_flex_column_24_24_tablet et_flex_column_24_24_phone\">\n<div class=\"et_pb_text_0 et_pb_text et_pb_bg_layout_light et_pb_module et_flex_module\"><div class=\"et_pb_text_inner\"><h1 style=\"text-align: center;\"><strong>SEM FRONTEIRAS<\/strong><\/h1>\n<p><\/p>\n<h2 style=\"text-align: center;\"><b>\u201cO meu esp\u00edrito \u00e9 para o mundo inteiro\u201d<\/b><\/h2>\n<p><\/p>\n<h3 style=\"text-align: center;\">(S. Ant\u00f3nio Maria Claret)<\/h3>\n<p><\/p>\n<p style=\"text-align: center;\">\u00a0<\/p>\n<p><\/p>\n<p style=\"text-align: center;\">O lema \u00ab<em><strong>Sem Fronteiras<\/strong><\/em>\u00bb convida-nos a olhar para o mundo com os olhos do Evangelho e com o cora\u00e7\u00e3o de Claret. Em cada migrante reconhecemos um irm\u00e3o ou uma irm\u00e3 em caminho, e em cada fronteira, uma oportunidade para derrubar muros e construir comunh\u00e3o.<\/p>\n<p><\/p>\n<p style=\"text-align: center;\">Tal como <strong>Claret<\/strong> \u2014 cujo esp\u00edrito se dirigia ao mundo inteiro \u2014, queremos viver a miss\u00e3o para al\u00e9m das fronteiras geogr\u00e1ficas, culturais ou sociais, acompanhando os caminhos daqueles que procuram um lugar para viver com dignidade.<\/p>\n<p><\/p>\n<p style=\"text-align: center;\">Hoje, um dos gritos mais urgentes do nosso tempo prov\u00e9m dos milh\u00f5es de pessoas for\u00e7adas a abandonar a sua terra, as suas fam\u00edlias e as suas ra\u00edzes. <strong>A migra\u00e7\u00e3o e o deslocamento for\u00e7ado s\u00e3o realidades<\/strong> que atravessam as nossas fronteiras, as nossas comunidades e as nossas consci\u00eancias.<\/p>\n<p><\/p>\n<p style=\"text-align: center;\">Como Miss\u00e3o Claretiana, sentimo-nos chamados a caminhar com os povos em movimento, a reconhecer em cada migrante o rosto de Cristo peregrino e a responder com a\u00e7\u00f5es concretas de <strong>acolhimento, acompanhamento, promo\u00e7\u00e3o e defesa dos seus direitos.<\/strong><\/p>\n<p><\/p>\n<p style=\"text-align: center;\"><strong>O Dia da Miss\u00e3o Claretiana 2026<\/strong> pretende ser um momento para aprofundar esta dimens\u00e3o da nossa miss\u00e3o e para fortalecer os projetos que levam vida e esperan\u00e7a \u00e0queles que procuram um novo come\u00e7o.<\/p>\n<p><\/p>\n<p style=\"text-align: center;\">\u00a0<\/p>\n<\/div><\/div>\n<\/div>\n<\/div>\n<\/div>\n\n<div class=\"et_pb_section_4 et_pb_section et_section_regular et_block_section\">\n<div class=\"et_pb_row_3 et_pb_row et_block_row\">\n<div class=\"et_pb_column_3 et_pb_column et_pb_column_1_3 et_block_column et_pb_css_mix_blend_mode_passthrough\">\n<div class=\"et_pb_icon_0 et_pb_icon et_pb_module et_block_module\"><span class=\"et_pb_icon_wrap\"><span class=\"et-pb-icon\">L<\/span><\/span><\/div>\n\n<div class=\"et_pb_text_1 et_pb_text et_pb_bg_layout_light et_pb_module et_block_module preset--module--divi-text--c90634e7-c8be-46a0-85ee-46b3b318594d\"><div class=\"et_pb_text_inner\"><h5><span style=\"color: #ffffff;\">PROJETO I<\/span><\/h5>\n<\/div><\/div>\n\n<div class=\"et_pb_text_2 et_pb_text et_pb_bg_layout_light et_pb_module et_block_module preset--module--divi-text--7cc01a46-e5de-436c-9521-44860d514859\"><div class=\"et_pb_text_inner\"><p><span style=\"color: #ffffff;\">Aten\u00e7\u00e3o integral, prote\u00e7\u00e3o e capacita\u00e7\u00e3o da comunidade para migrantes em La Quiaca<\/span><\/p>\n<p><\/p>\n<p><span style=\"color: #ffffff;\">Argentina<\/span><\/p>\n<\/div><\/div>\n\n<div class=\"et_pb_module et_pb_button_module_wrapper et_pb_button_0_wrapper preset--module--divi-button--b8e08709-b4b8-4d20-bba2-8f79eb5a7008_wrapper\"><a class=\"et_pb_button_0 et_pb_button et_pb_bg_layout_light et_pb_module et_block_module preset--module--divi-button--b8e08709-b4b8-4d20-bba2-8f79eb5a7008\" href=\"https:\/\/www.somicmf.org\/pt-pt\/projeto-i-dia-da-missao-claretiana-2026\/\" target=\"_blank\">Mais detalhes<\/a><\/div>\n<\/div>\n\n<div class=\"et_pb_column_4 et_pb_column et_pb_column_1_3 et_block_column et_pb_css_mix_blend_mode_passthrough\">\n<div class=\"et_pb_icon_1 et_pb_icon et_pb_module et_block_module\"><span class=\"et_pb_icon_wrap\"><span class=\"et-pb-icon\">L<\/span><\/span><\/div>\n\n<div class=\"et_pb_text_3 et_pb_text et_pb_bg_layout_light et_pb_module et_block_module preset--module--divi-text--c90634e7-c8be-46a0-85ee-46b3b318594d\"><div class=\"et_pb_text_inner\"><h5><span style=\"color: #ffffff;\">PROJET II<\/span><\/h5>\n<\/div><\/div>\n\n<div class=\"et_pb_text_4 et_pb_text et_pb_bg_layout_light et_pb_module et_block_module preset--module--divi-text--7cc01a46-e5de-436c-9521-44860d514859\"><div class=\"et_pb_text_inner\"><p><span style=\"color: #ffffff;\"><strong>Reconstruir o futuro: sala de estudo e alfabetiza\u00e7\u00e3o para crian\u00e7as deslocadas em Koudougou<\/strong><\/span><\/p>\n<p><\/p>\n<p><span style=\"color: #ffffff;\"><strong>Burkina Faso<\/strong><\/span><\/p>\n<\/div><\/div>\n\n<div class=\"et_pb_module et_pb_button_module_wrapper et_pb_button_1_wrapper preset--module--divi-button--b8e08709-b4b8-4d20-bba2-8f79eb5a7008_wrapper\"><a class=\"et_pb_button_1 et_pb_button et_pb_bg_layout_light et_pb_module et_block_module preset--module--divi-button--b8e08709-b4b8-4d20-bba2-8f79eb5a7008\" href=\"https:\/\/www.somicmf.org\/pt-pt\/projeto-ii-dia-da-missao-claretiana-2026\/\" target=\"_blank\">Mais detalhes<\/a><\/div>\n<\/div>\n\n<div class=\"et_pb_column_5 et_pb_column et_pb_column_1_3 et-last-child et_block_column et_pb_css_mix_blend_mode_passthrough\">\n<div class=\"et_pb_icon_2 et_pb_icon et_pb_module et_block_module\"><span class=\"et_pb_icon_wrap\"><span class=\"et-pb-icon\">L<\/span><\/span><\/div>\n\n<div class=\"et_pb_text_5 et_pb_text et_pb_bg_layout_light et_pb_module et_block_module preset--module--divi-text--c90634e7-c8be-46a0-85ee-46b3b318594d\"><div class=\"et_pb_text_inner\"><h5><span style=\"color: #ffffff;\">PROJET III<\/span><\/h5>\n<\/div><\/div>\n\n<div class=\"et_pb_text_6 et_pb_text et_pb_bg_layout_light et_pb_module et_block_module preset--module--divi-text--7cc01a46-e5de-436c-9521-44860d514859\"><div class=\"et_pb_text_inner\"><p><strong><span style=\"color: #ffffff;\">Uma escola e um programa educativo para crian\u00e7as tribais deslocadas em Laipharok<\/span><\/strong><\/p>\n<p><\/p>\n<p><strong><span style=\"color: #ffffff;\">\u00cdndia<\/span><\/strong><\/p>\n<\/div><\/div>\n\n<div class=\"et_pb_module et_pb_button_module_wrapper et_pb_button_2_wrapper preset--module--divi-button--b8e08709-b4b8-4d20-bba2-8f79eb5a7008_wrapper\"><a class=\"et_pb_button_2 et_pb_button et_pb_bg_layout_light et_pb_module et_block_module preset--module--divi-button--b8e08709-b4b8-4d20-bba2-8f79eb5a7008\" href=\"https:\/\/www.somicmf.org\/pt-pt\/projeto-iii-dia-da-missao-claretiana-2026\/\" target=\"_blank\">Mais detalhes<\/a><\/div>\n<\/div>\n<\/div>\n\n<div class=\"et_pb_row_4 et_pb_row et_block_row\">\n<div class=\"et_pb_column_6 et_pb_column et_pb_column_4_4 et-last-child et_block_column et_pb_css_mix_blend_mode_passthrough\">\n<div class=\"et_pb_module et_pb_button_module_wrapper et_pb_button_3_wrapper\"><a class=\"et_pb_button_3 et_pb_button et_pb_bg_layout_light et_pb_module et_block_module\" href=\"https:\/\/www.paypal.com\/donate?campaign_id=69B7VQQVTXKHG\" target=\"_blank\" data-icon=\"\uf4be\">FA\u00c7A UMA DOA\u00c7\u00c3O <\/a><\/div>\n<\/div>\n<\/div>\n\n<div class=\"et_pb_row_5 et_pb_row et_block_row\">\n<div class=\"et_pb_column_7 et_pb_column et_pb_column_4_4 et-last-child et_block_column et_pb_css_mix_blend_mode_passthrough\">\n<div class=\"et_pb_image_1 et_pb_image et_pb_module et_block_module\"><span class=\"et_pb_image_wrap\"><img loading=\"lazy\" decoding=\"async\" src=\"https:\/\/www.somicmf.org\/wp-content\/uploads\/2026\/03\/Codice-QR_CMD26_PayPal.png\" width=\"128\" height=\"128\" srcset=\"https:\/\/www.somicmf.org\/wp-content\/uploads\/2026\/03\/Codice-QR_CMD26_PayPal.png 128w\" sizes=\"(max-width: 128px) 100vw, 128px\" class=\"wp-image-6119\" title=\"Codice QR_CMD26_PayPal\" \/><\/span><\/div>\n<\/div>\n<\/div>\n\n<div class=\"et_pb_row_6 et_pb_row et_flex_row\">\n<div class=\"et_pb_column_8 et_pb_column et-last-child et_flex_column et_pb_css_mix_blend_mode_passthrough et_flex_column_24_24 et_flex_column_24_24_tablet et_flex_column_24_24_phone\">\n<div class=\"et_pb_text_7 et_pb_text et_pb_bg_layout_light et_pb_module et_flex_module\"><div class=\"et_pb_text_inner\"><p style=\"text-align: center;\"><a href=\"https:\/\/www.somicmf.org\/download\/295\/manuals\/6424\/pt_manual_experiences.pdf?lang=en\"><strong>DESCARREGUE O MANUAL PARA SABER MAIS SOBRE OS PROJETOS<\/strong><\/a><\/p>\n<\/div><\/div>\n\n<div class=\"et_pb_image_2 et_pb_image et_pb_module et_flex_module\"><a href=\"https:\/\/www.somicmf.org\/download\/295\/manuals\/6419\/en_manual_experiences_cmd26.pdf?lang=en\"><span class=\"et_pb_image_wrap\"><img loading=\"lazy\" decoding=\"async\" src=\"https:\/\/www.somicmf.org\/wp-content\/uploads\/2026\/03\/EN_Picture_Book.png\" title=\"PT_Picture_Book\" width=\"1920\" height=\"1080\" srcset=\"https:\/\/www.somicmf.org\/wp-content\/uploads\/2026\/03\/EN_Picture_Book.png 1920w, https:\/\/www.somicmf.org\/wp-content\/uploads\/2026\/03\/EN_Picture_Book-1280x720.png 1280w, https:\/\/www.somicmf.org\/wp-content\/uploads\/2026\/03\/EN_Picture_Book-980x551.png 980w, https:\/\/www.somicmf.org\/wp-content\/uploads\/2026\/03\/EN_Picture_Book-480x270.png 480w\" sizes=\"(min-width: 0px) and (max-width: 480px) 480px, (min-width: 481px) and (max-width: 980px) 980px, (min-width: 981px) and (max-width: 1280px) 1280px, (min-width: 1281px) 1920px, 100vw\" class=\"wp-image-6447\" \/><\/span><\/a><\/div>\n<\/div>\n<\/div>\n<\/div>","protected":false},"excerpt":{"rendered":"","protected":false},"author":12,"featured_media":0,"parent":1077,"menu_order":1,"comment_status":"closed","ping_status":"closed","template":"","meta":{"footnotes":""},"class_list":["post-7119","page","type-page","status-publish","hentry"],"_links":{"self":[{"href":"https:\/\/www.somicmf.org\/pt-pt\/wp-json\/wp\/v2\/pages\/7119","targetHints":{"allow":["GET"]}}],"collection":[{"href":"https:\/\/www.somicmf.org\/pt-pt\/wp-json\/wp\/v2\/pages"}],"about":[{"href":"https:\/\/www.somicmf.org\/pt-pt\/wp-json\/wp\/v2\/types\/page"}],"author":[{"embeddable":true,"href":"https:\/\/www.somicmf.org\/pt-pt\/wp-json\/wp\/v2\/users\/12"}],"replies":[{"embeddable":true,"href":"https:\/\/www.somicmf.org\/pt-pt\/wp-json\/wp\/v2\/comments?post=7119"}],"version-history":[{"count":4,"href":"https:\/\/www.somicmf.org\/pt-pt\/wp-json\/wp\/v2\/pages\/7119\/revisions"}],"predecessor-version":[{"id":7664,"href":"https:\/\/www.somicmf.org\/pt-pt\/wp-json\/wp\/v2\/pages\/7119\/revisions\/7664"}],"up":[{"embeddable":true,"href":"https:\/\/www.somicmf.org\/pt-pt\/wp-json\/wp\/v2\/pages\/1077"}],"wp:attachment":[{"href":"https:\/\/www.somicmf.org\/pt-pt\/wp-json\/wp\/v2\/media?parent=7119"}],"curies":[{"name":"wp","href":"https:\/\/api.w.org\/{rel}","templated":true}]}}