{"id":1823,"date":"2024-09-03T12:09:13","date_gmt":"2024-09-03T10:09:13","guid":{"rendered":"https:\/\/www.somicmf.org\/jpic\/doutrina-social-da-igreja\/"},"modified":"2026-04-12T14:21:03","modified_gmt":"2026-04-12T12:21:03","slug":"doutrina-social-da-igreja","status":"publish","type":"page","link":"https:\/\/www.somicmf.org\/pt-pt\/jpic\/doutrina-social-da-igreja\/","title":{"rendered":"Doutrina social da Igreja"},"content":{"rendered":"<div class=\"et_pb_section_0 et_pb_section et_pb_fullwidth_section et_section_regular et_block_section\"><section class=\"et_pb_fullwidth_header_0 et_pb_fullwidth_header et_pb_bg_layout_dark et_pb_text_align_left et_pb_module et_flex_module\"><div class=\"et_pb_fullwidth_header_container left\"><div class=\"header-content-container center\"><div class=\"header-content et_flex_module\"><h1 class=\"et_pb_module_header\">Doutrina social da Igreja<\/h1><div class=\"et_pb_header_content_wrapper\"><p>Dentro das se\u00e7\u00f5es abaixo, voc\u00ea encontrar\u00e1 materiais (links de v\u00eddeo e r\u00e1dio, powerpoints, PDFs, artigos) que podem ser usados para o trabalho pastoral, forma\u00e7\u00e3o em curso, etc.<\/p>\n<\/div><div class=\"et_pb_header_button_wrapper\"><\/div><\/div><\/div><\/div><div class=\"et_pb_fullwidth_header_overlay\"><\/div><div class=\"et_pb_fullwidth_header_scroll\"><\/div><\/section><\/div><div class=\"et_pb_section_1 et_pb_section et_section_regular et_block_section\"><div class=\"et_pb_row_0 et_pb_row et_block_row\"><div class=\"et_pb_column_0 et_pb_column et_pb_column_1_3 et_block_column et_pb_css_mix_blend_mode_passthrough\"><div class=\"et_pb_blurb_0 et_pb_blurb et_pb_bg_layout_light et_pb_blurb_position_top et_clickable et_pb_module et_block_module\"><div class=\"et_pb_blurb_content\"><div class=\"et_pb_main_blurb_image\"><a href=\"https:\/\/www.somicmf.org\/jpic\/social-teaching-of-the-church\/laudato-si\/\"><span class=\"et_pb_image_wrap et_pb_only_image_mode_wrap\"><img loading=\"lazy\" decoding=\"async\" src=\"https:\/\/www.somicmf.org\/wp-content\/uploads\/2024\/09\/Foto-LS.jpg\" width=\"1928\" height=\"1084\" srcset=\"https:\/\/www.somicmf.org\/wp-content\/uploads\/2024\/09\/Foto-LS.jpg 1928w, https:\/\/www.somicmf.org\/wp-content\/uploads\/2024\/09\/Foto-LS-1280x720.jpg 1280w, https:\/\/www.somicmf.org\/wp-content\/uploads\/2024\/09\/Foto-LS-980x551.jpg 980w, https:\/\/www.somicmf.org\/wp-content\/uploads\/2024\/09\/Foto-LS-480x270.jpg 480w\" sizes=\"(min-width: 0px) and (max-width: 480px) 480px, (min-width: 481px) and (max-width: 980px) 980px, (min-width: 981px) and (max-width: 1280px) 1280px, (min-width: 1281px) 1928px, 100vw\" class=\"et_animated wp-image-1929\" \/><\/span><\/a><\/div><div class=\"et_pb_blurb_container\"><h4 class=\"et_pb_module_header\"><a href=\"https:\/\/www.somicmf.org\/jpic\/social-teaching-of-the-church\/laudato-si\/\">Laudato Si&#039;<\/a><\/h4><\/div><\/div><\/div><\/div><div class=\"et_pb_column_1 et_pb_column et_pb_column_1_3 et_block_column et_pb_css_mix_blend_mode_passthrough\"><div class=\"et_pb_blurb_1 et_pb_blurb et_pb_bg_layout_light et_pb_blurb_position_top et_clickable et_pb_module et_block_module\"><div class=\"et_pb_blurb_content\"><div class=\"et_pb_main_blurb_image\"><a href=\"https:\/\/www.somicmf.org\/jpic\/social-teaching-of-the-church\/fratelli-tutti\/\"><span class=\"et_pb_image_wrap et_pb_only_image_mode_wrap\"><img loading=\"lazy\" decoding=\"async\" src=\"https:\/\/www.somicmf.org\/wp-content\/uploads\/2024\/09\/FT-Foto.jpg\" width=\"1928\" height=\"1084\" srcset=\"https:\/\/www.somicmf.org\/wp-content\/uploads\/2024\/09\/FT-Foto.jpg 1928w, https:\/\/www.somicmf.org\/wp-content\/uploads\/2024\/09\/FT-Foto-1280x720.jpg 1280w, https:\/\/www.somicmf.org\/wp-content\/uploads\/2024\/09\/FT-Foto-980x551.jpg 980w, https:\/\/www.somicmf.org\/wp-content\/uploads\/2024\/09\/FT-Foto-480x270.jpg 480w\" sizes=\"(min-width: 0px) and (max-width: 480px) 480px, (min-width: 481px) and (max-width: 980px) 980px, (min-width: 981px) and (max-width: 1280px) 1280px, (min-width: 1281px) 1928px, 100vw\" class=\"et_animated wp-image-1937\" \/><\/span><\/a><\/div><div class=\"et_pb_blurb_container\"><h4 class=\"et_pb_module_header\"><a href=\"https:\/\/www.somicmf.org\/jpic\/social-teaching-of-the-church\/fratelli-tutti\/\">Fratelli Tutti<\/a><\/h4><\/div><\/div><\/div><\/div><div class=\"et_pb_column_2 et_pb_column et_pb_column_1_3 et-last-child et_block_column et_pb_css_mix_blend_mode_passthrough\"><div class=\"et_pb_blurb_2 et_pb_blurb et_pb_bg_layout_light et_pb_blurb_position_top et_clickable et_pb_module et_block_module\"><div class=\"et_pb_blurb_content\"><div class=\"et_pb_main_blurb_image\"><a href=\"https:\/\/www.somicmf.org\/jpic\/social-teaching-of-the-church\/laudate-deum\/\"><span class=\"et_pb_image_wrap et_pb_only_image_mode_wrap\"><img loading=\"lazy\" decoding=\"async\" src=\"https:\/\/www.somicmf.org\/wp-content\/uploads\/2024\/09\/Foto-LD-scaled.jpg\" width=\"2560\" height=\"1440\" srcset=\"https:\/\/www.somicmf.org\/wp-content\/uploads\/2024\/09\/Foto-LD-scaled.jpg 2560w, https:\/\/www.somicmf.org\/wp-content\/uploads\/2024\/09\/Foto-LD-1280x720.jpg 1280w, https:\/\/www.somicmf.org\/wp-content\/uploads\/2024\/09\/Foto-LD-980x551.jpg 980w, https:\/\/www.somicmf.org\/wp-content\/uploads\/2024\/09\/Foto-LD-480x270.jpg 480w\" sizes=\"(min-width: 0px) and (max-width: 480px) 480px, (min-width: 481px) and (max-width: 980px) 980px, (min-width: 981px) and (max-width: 1280px) 1280px, (min-width: 1281px) 2560px, 100vw\" class=\"et_animated wp-image-1944\" \/><\/span><\/a><\/div><div class=\"et_pb_blurb_container\"><h4 class=\"et_pb_module_header\"><a href=\"https:\/\/www.somicmf.org\/jpic\/social-teaching-of-the-church\/laudate-deum\/\">Laudate Deum<\/a><\/h4><\/div><\/div><\/div><\/div><\/div><\/div>","protected":false},"excerpt":{"rendered":"","protected":false},"author":7,"featured_media":1744,"parent":578,"menu_order":0,"comment_status":"closed","ping_status":"closed","template":"","meta":{"footnotes":""},"class_list":["post-1823","page","type-page","status-publish","has-post-thumbnail","hentry"],"_links":{"self":[{"href":"https:\/\/www.somicmf.org\/pt-pt\/wp-json\/wp\/v2\/pages\/1823","targetHints":{"allow":["GET"]}}],"collection":[{"href":"https:\/\/www.somicmf.org\/pt-pt\/wp-json\/wp\/v2\/pages"}],"about":[{"href":"https:\/\/www.somicmf.org\/pt-pt\/wp-json\/wp\/v2\/types\/page"}],"author":[{"embeddable":true,"href":"https:\/\/www.somicmf.org\/pt-pt\/wp-json\/wp\/v2\/users\/7"}],"replies":[{"embeddable":true,"href":"https:\/\/www.somicmf.org\/pt-pt\/wp-json\/wp\/v2\/comments?post=1823"}],"version-history":[{"count":12,"href":"https:\/\/www.somicmf.org\/pt-pt\/wp-json\/wp\/v2\/pages\/1823\/revisions"}],"predecessor-version":[{"id":6912,"href":"https:\/\/www.somicmf.org\/pt-pt\/wp-json\/wp\/v2\/pages\/1823\/revisions\/6912"}],"up":[{"embeddable":true,"href":"https:\/\/www.somicmf.org\/pt-pt\/wp-json\/wp\/v2\/pages\/578"}],"wp:featuredmedia":[{"embeddable":true,"href":"https:\/\/www.somicmf.org\/pt-pt\/wp-json\/wp\/v2\/media\/1744"}],"wp:attachment":[{"href":"https:\/\/www.somicmf.org\/pt-pt\/wp-json\/wp\/v2\/media?parent=1823"}],"curies":[{"name":"wp","href":"https:\/\/api.w.org\/{rel}","templated":true}]}}