{"id":1291,"date":"2024-02-07T23:46:04","date_gmt":"2024-02-07T22:46:04","guid":{"rendered":"https:\/\/www.somicmf.org\/jpic\/jornadas-internacionais\/"},"modified":"2026-04-12T14:20:32","modified_gmt":"2026-04-12T12:20:32","slug":"jornadas-internacionais","status":"publish","type":"page","link":"https:\/\/www.somicmf.org\/pt-pt\/jpic\/jornadas-internacionais\/","title":{"rendered":"Jornadas Internacionais"},"content":{"rendered":"\n<div class=\"et_pb_section_0 et_pb_section et_pb_fullwidth_section et_section_regular et_block_section\"><section class=\"et_pb_fullwidth_header_0 et_pb_fullwidth_header et_pb_bg_layout_dark et_pb_text_align_left et_pb_module et_flex_module\"><div class=\"et_pb_fullwidth_header_container left\"><div class=\"header-content-container center\"><div class=\"header-content et_flex_module\"><h1 class=\"et_pb_module_header\">Jornadas Internacionais<\/h1><div class=\"et_pb_header_content_wrapper\"><p>Esta se\u00e7\u00e3o cont\u00e9m materiais preparados pela Fam\u00edlia Claretiana e a Equipe Claretiana nas Na\u00e7\u00f5es Unidas para celebrar as Jornadas Internacionais estabelecidas pelas Na\u00e7\u00f5es Unidas e pela Igreja.<\/p>\n<\/div><div class=\"et_pb_header_button_wrapper\"><\/div><\/div><\/div><\/div><div class=\"et_pb_fullwidth_header_overlay\"><\/div><div class=\"et_pb_fullwidth_header_scroll\"><\/div><\/section><\/div><div class=\"et_pb_section_1 et_pb_section et_section_regular et_block_section\"><div class=\"et_pb_row_0 et_pb_row et_block_row\"><div class=\"et_pb_column_0 et_pb_column et_pb_column_4_4 et-last-child et_block_column et_pb_css_mix_blend_mode_passthrough\"><div class=\"et_pb_blog_0 et_pb_blog et_pb_bg_layout_light et_pb_posts et_pb_module\"><div class=\"et_pb_ajax_pagination_container\"><div class=\"et_pb_posts et_grid_module\"><article class=\"et_pb_post et_pb_post_id_6640 clearfix et_pb_blog_item_0_0 post-6640 post type-post status-publish format-standard has-post-thumbnail hentry category-dias-internacionais\"><div class=\"et_pb_image_container\"><a href=\"https:\/\/www.somicmf.org\/pt-pt\/dia-internacional-da-mae-terra-7\/\" class=\"entry-featured-image-url\"><img loading=\"lazy\" decoding=\"async\" src=\"https:\/\/www.somicmf.org\/wp-content\/uploads\/2026\/04\/OP.jpg\" width=\"400\" height=\"284\" alt=\"Dia Internacional da M\u00e3e Terra\" class=\"\" srcset=\"https:\/\/www.somicmf.org\/wp-content\/uploads\/2026\/04\/OP.jpg 479w, https:\/\/www.somicmf.org\/wp-content\/uploads\/2026\/04\/OP-400x284.jpg 480w\" sizes=\"(max-width:479px) 479px, 100vw\" \/><span data-icon=\"\ue050\" class=\"et_overlay et_pb_inline_icon\"><\/span><\/a><\/div><h2 class=\"entry-title\"><a href=\"https:\/\/www.somicmf.org\/pt-pt\/dia-internacional-da-mae-terra-7\/\">Dia Internacional da M\u00e3e Terra<\/a><\/h2><p class=\"post-meta\"><\/p><div class=\"post-content\"><div class=\"post-content-inner\"><\/div><\/div><\/article><article class=\"et_pb_post et_pb_post_id_6634 clearfix et_pb_blog_item_0_1 post-6634 post type-post status-publish format-standard has-post-thumbnail hentry category-dias-internacionais\"><div class=\"et_pb_image_container\"><a href=\"https:\/\/www.somicmf.org\/pt-pt\/dia-internacional-da-mae-terra-6\/\" class=\"entry-featured-image-url\"><img loading=\"lazy\" decoding=\"async\" src=\"https:\/\/www.somicmf.org\/wp-content\/uploads\/2026\/04\/OP.jpg\" width=\"400\" height=\"284\" alt=\"Dia Internacional da M\u00e3e Terra\" class=\"\" srcset=\"https:\/\/www.somicmf.org\/wp-content\/uploads\/2026\/04\/OP.jpg 479w, https:\/\/www.somicmf.org\/wp-content\/uploads\/2026\/04\/OP-400x284.jpg 480w\" sizes=\"(max-width:479px) 479px, 100vw\" \/><span data-icon=\"\ue050\" class=\"et_overlay et_pb_inline_icon\"><\/span><\/a><\/div><h2 class=\"entry-title\"><a href=\"https:\/\/www.somicmf.org\/pt-pt\/dia-internacional-da-mae-terra-6\/\">Dia Internacional da M\u00e3e Terra<\/a><\/h2><p class=\"post-meta\"><\/p><div class=\"post-content\"><div class=\"post-content-inner\"><\/div><\/div><\/article><article class=\"et_pb_post et_pb_post_id_6091 clearfix et_pb_no_thumb et_pb_blog_item_0_2 post-6091 post type-post status-publish format-standard hentry category-dias-internacionais\"><h2 class=\"entry-title\"><a href=\"https:\/\/www.somicmf.org\/pt-pt\/direitos-justica-e-acao-por-e-para-todas-as-mulheres-e-meninas\/\">\u201cDireitos, Justi\u00e7a e A\u00e7\u00e3o por e para todas as mulheres e meninas.\u201d<\/a><\/h2><p class=\"post-meta\"><\/p><div class=\"post-content\"><div class=\"post-content-inner\"><\/div><\/div><\/article><article class=\"et_pb_post et_pb_post_id_6056 clearfix et_pb_blog_item_0_3 post-6056 post type-post status-publish format-standard has-post-thumbnail hentry category-dias-internacionais\"><div class=\"et_pb_image_container\"><a href=\"https:\/\/www.somicmf.org\/pt-pt\/8-de-fevereiro-memoria-de-santa-josefina-bakhita-e-dia-mundial-de-oracao-e-reflexao-contra-o-trafico-de-pessoas\/\" class=\"entry-featured-image-url\"><img loading=\"lazy\" decoding=\"async\" src=\"https:\/\/www.somicmf.org\/wp-content\/uploads\/2026\/01\/download-1.jpeg\" width=\"270\" height=\"187\" alt=\"8 de fevereiro, mem\u00f3ria de Santa Josefina Bakhita e Dia Mundial de Ora\u00e7\u00e3o e Reflex\u00e3o contra o Tr\u00e1fico de Pessoas\" class=\"\" srcset=\"https:\/\/www.somicmf.org\/wp-content\/uploads\/2026\/01\/download-1.jpeg 479w, https:\/\/www.somicmf.org\/wp-content\/uploads\/2026\/01\/download-1.jpeg 480w\" sizes=\"(max-width:479px) 479px, 100vw\" \/><span data-icon=\"\ue050\" class=\"et_overlay et_pb_inline_icon\"><\/span><\/a><\/div><h2 class=\"entry-title\"><a href=\"https:\/\/www.somicmf.org\/pt-pt\/8-de-fevereiro-memoria-de-santa-josefina-bakhita-e-dia-mundial-de-oracao-e-reflexao-contra-o-trafico-de-pessoas\/\">8 de fevereiro, mem\u00f3ria de Santa Josefina Bakhita e Dia Mundial de Ora\u00e7\u00e3o e Reflex\u00e3o contra o Tr\u00e1fico de Pessoas<\/a><\/h2><p class=\"post-meta\"><\/p><div class=\"post-content\"><div class=\"post-content-inner\"><\/div><\/div><\/article><article class=\"et_pb_post et_pb_post_id_5962 clearfix et_pb_blog_item_0_4 post-5962 post type-post status-publish format-standard has-post-thumbnail hentry category-blog-pt-pt category-dias-internacionais\"><div class=\"et_pb_image_container\"><a href=\"https:\/\/www.somicmf.org\/pt-pt\/dia-mundial-da-paz-2026\/\" class=\"entry-featured-image-url\"><img loading=\"lazy\" decoding=\"async\" src=\"https:\/\/www.somicmf.org\/wp-content\/uploads\/2025\/12\/eng-.jpeg\" width=\"400\" height=\"284\" alt=\"Dia Mundial da Paz 2026\" class=\"\" srcset=\"https:\/\/www.somicmf.org\/wp-content\/uploads\/2025\/12\/eng-.jpeg 479w, https:\/\/www.somicmf.org\/wp-content\/uploads\/2025\/12\/eng--400x284.jpeg 480w\" sizes=\"(max-width:479px) 479px, 100vw\" \/><span data-icon=\"\ue050\" class=\"et_overlay et_pb_inline_icon\"><\/span><\/a><\/div><h2 class=\"entry-title\"><a href=\"https:\/\/www.somicmf.org\/pt-pt\/dia-mundial-da-paz-2026\/\">Dia Mundial da Paz 2026<\/a><\/h2><p class=\"post-meta\"><\/p><div class=\"post-content\"><div class=\"post-content-inner\"><\/div><\/div><\/article><article class=\"et_pb_post et_pb_post_id_5316 clearfix et_pb_blog_item_0_5 post-5316 post type-post status-publish format-standard has-post-thumbnail hentry category-dias-internacionais\"><div class=\"et_pb_image_container\"><a href=\"https:\/\/www.somicmf.org\/pt-pt\/ix-jornada-mundial-dos-pobres\/\" class=\"entry-featured-image-url\"><img loading=\"lazy\" decoding=\"async\" src=\"https:\/\/www.somicmf.org\/wp-content\/uploads\/2025\/10\/poor.png\" width=\"400\" height=\"253\" alt=\"IX Jornada Mundial dos Pobres\" class=\"\" srcset=\"https:\/\/www.somicmf.org\/wp-content\/uploads\/2025\/10\/poor.png 479w, https:\/\/www.somicmf.org\/wp-content\/uploads\/2025\/10\/poor-400x253.png 480w\" sizes=\"(max-width:479px) 479px, 100vw\" \/><span data-icon=\"\ue050\" class=\"et_overlay et_pb_inline_icon\"><\/span><\/a><\/div><h2 class=\"entry-title\"><a href=\"https:\/\/www.somicmf.org\/pt-pt\/ix-jornada-mundial-dos-pobres\/\">IX Jornada Mundial dos Pobres<\/a><\/h2><p class=\"post-meta\"><\/p><div class=\"post-content\"><div class=\"post-content-inner\"><\/div><\/div><\/article><\/div><div class=\"pagination clearfix\">\n\t<div class=\"alignleft\"><a href=\"https:\/\/www.somicmf.org\/pt-pt\/wp-json\/wp\/v2\/pages\/1291\/page\/2\/?et_blog\" >&laquo; Older Entries<\/a><\/div>\n\t<div class=\"alignright\"><\/div>\n<\/div><\/div><\/div><\/div><\/div><\/div><div class=\"et_pb_section_2 et_pb_section et_section_regular et_block_section et_pb_section_parallax\"><span class=\"et-pb-parallax-wrapper\"><span class=\"et-pb-parallax-background et-pb-parallax-background-module--divi-section-2\" style=\"background-image:url(https:\/\/www.somicmf.org\/wp-content\/uploads\/2024\/09\/int-banner.jpg)\"><\/span><\/span><div class=\"et_pb_row_1 et_pb_row et_block_row\"><div class=\"et_pb_column_1 et_pb_column et_pb_column_4_4 et-last-child et_block_column et_pb_css_mix_blend_mode_passthrough\"><div class=\"et_pb_text_0 et_pb_text et_pb_bg_layout_light et_pb_module et_block_module\"><div class=\"et_pb_text_inner\"><h2>Materiais produzidos pela Fam\u00edlia Claretiana<\/h2>\n<\/div><\/div><\/div><\/div><\/div>\n","protected":false},"excerpt":{"rendered":"","protected":false},"author":7,"featured_media":1734,"parent":578,"menu_order":0,"comment_status":"closed","ping_status":"closed","template":"","meta":{"footnotes":""},"class_list":["post-1291","page","type-page","status-publish","has-post-thumbnail","hentry"],"_links":{"self":[{"href":"https:\/\/www.somicmf.org\/pt-pt\/wp-json\/wp\/v2\/pages\/1291","targetHints":{"allow":["GET"]}}],"collection":[{"href":"https:\/\/www.somicmf.org\/pt-pt\/wp-json\/wp\/v2\/pages"}],"about":[{"href":"https:\/\/www.somicmf.org\/pt-pt\/wp-json\/wp\/v2\/types\/page"}],"author":[{"embeddable":true,"href":"https:\/\/www.somicmf.org\/pt-pt\/wp-json\/wp\/v2\/users\/7"}],"replies":[{"embeddable":true,"href":"https:\/\/www.somicmf.org\/pt-pt\/wp-json\/wp\/v2\/comments?post=1291"}],"version-history":[{"count":17,"href":"https:\/\/www.somicmf.org\/pt-pt\/wp-json\/wp\/v2\/pages\/1291\/revisions"}],"predecessor-version":[{"id":6897,"href":"https:\/\/www.somicmf.org\/pt-pt\/wp-json\/wp\/v2\/pages\/1291\/revisions\/6897"}],"up":[{"embeddable":true,"href":"https:\/\/www.somicmf.org\/pt-pt\/wp-json\/wp\/v2\/pages\/578"}],"wp:featuredmedia":[{"embeddable":true,"href":"https:\/\/www.somicmf.org\/pt-pt\/wp-json\/wp\/v2\/media\/1734"}],"wp:attachment":[{"href":"https:\/\/www.somicmf.org\/pt-pt\/wp-json\/wp\/v2\/media?parent=1291"}],"curies":[{"name":"wp","href":"https:\/\/api.w.org\/{rel}","templated":true}]}}