{"id":7117,"date":"2026-04-10T11:18:06","date_gmt":"2026-04-10T09:18:06","guid":{"rendered":"https:\/\/www.somicmf.org\/journee-de-mission-claretaine\/journee-de-la-mission-claretaine\/"},"modified":"2026-04-14T09:47:11","modified_gmt":"2026-04-14T07:47:11","slug":"journee-de-la-mission-claretaine","status":"publish","type":"page","link":"https:\/\/www.somicmf.org\/fr\/journee-de-mission-claretaine\/journee-de-la-mission-claretaine\/","title":{"rendered":"Journ\u00e9e de la mission clar\u00e9taine"},"content":{"rendered":"<div class=\"et_pb_section_0 et_pb_section et_section_regular et_flex_section\">\n<div class=\"et_pb_row_0 et_pb_row et_flex_row\">\n<div class=\"et_pb_column_0 et_pb_column et-last-child et_flex_column et_pb_css_mix_blend_mode_passthrough et_flex_column_24_24 et_flex_column_24_24_tablet et_flex_column_24_24_phone\">\n<div class=\"et_pb_image_0 et_pb_image et_pb_module et_flex_module\"><span class=\"et_pb_image_wrap\"><img loading=\"lazy\" decoding=\"async\" src=\"https:\/\/www.somicmf.org\/wp-content\/uploads\/2026\/03\/EN_Logo_CMD26.png\" title=\"EN_Logo_CMD26\" width=\"608\" height=\"530\" srcset=\"https:\/\/www.somicmf.org\/wp-content\/uploads\/2026\/03\/EN_Logo_CMD26.png 608w, https:\/\/www.somicmf.org\/wp-content\/uploads\/2026\/03\/EN_Logo_CMD26-480x418.png 480w\" sizes=\"(min-width: 0px) and (max-width: 480px) 480px, (min-width: 481px) 608px, 100vw\" class=\"wp-image-6103\" \/><\/span><\/div>\n<\/div>\n<\/div>\n<\/div>\n\n<div class=\"et_pb_section_1 et_pb_section et_pb_fullwidth_section et_section_regular et_block_section\">\n<section class=\"et_pb_fullwidth_header_0 et_pb_fullwidth_header et_pb_bg_layout_light et_pb_text_align_center et_pb_module et_flex_module\"><div class=\"et_pb_fullwidth_header_container center\"><div class=\"header-content-container center\"><div class=\"header-content et_flex_module\"><h1 class=\"et_pb_module_header\" data-et-mv-hidden-tablet=\"true\">JOURN\u00c9E DE LA MISSION CLAR\u00c9TAINE 2026<\/h1><span class=\"et_pb_fullwidth_header_subhead\" data-et-mv-hidden-tablet=\"true\" data-et-mv-hidden-phone=\"true\">D\u00e9couvrez et accompagnez les migrations dans le monde<\/span><div class=\"et_pb_header_button_wrapper\"><\/div><\/div><\/div><\/div><div class=\"et_pb_fullwidth_header_overlay\"><\/div><div class=\"et_pb_fullwidth_header_scroll\"><\/div><\/section>\n<\/div>\n\n<div class=\"et_pb_section_2 et_pb_section et_section_regular et_flex_section\">\n<div class=\"et_pb_row_1 et_pb_row et_flex_row\">\n<div class=\"et_pb_column_1 et_pb_column et-last-child et_flex_column et_pb_css_mix_blend_mode_passthrough et_flex_column_24_24 et_flex_column_24_24_tablet et_flex_column_24_24_phone\">\n<div class=\"et_pb_video_0 et_pb_video et_pb_module et_flex_module\"><div class=\"et_pb_video_box\"><iframe loading=\"lazy\" title=\"&quot;Without Borders&quot;: Claretian Mission Day 2026\" width=\"1080\" height=\"608\" src=\"https:\/\/www.youtube.com\/embed\/Ln6-MVjOPf8?feature=oembed\"  allow=\"accelerometer; autoplay; clipboard-write; encrypted-media; gyroscope; picture-in-picture; web-share\" referrerpolicy=\"strict-origin-when-cross-origin\" allowfullscreen><\/iframe><\/div><div class=\"et_pb_video_overlay\" style=\"background-image:url(https:\/\/www.somicmf.org\/wp-content\/uploads\/2026\/04\/EN-1.png)\"><div class=\"et_pb_video_overlay_hover\"><a class=\"et_pb_video_play\" href=\"#\"><\/a><\/div><\/div><\/div>\n<\/div>\n<\/div>\n<\/div>\n\n<div class=\"et_pb_section_3 et_pb_section et_section_regular et_flex_section\">\n<div class=\"et_pb_row_2 et_pb_row et_flex_row\">\n<div class=\"et_pb_column_2 et_pb_column et-last-child et_flex_column et_pb_css_mix_blend_mode_passthrough et_flex_column_24_24 et_flex_column_24_24_tablet et_flex_column_24_24_phone\">\n<div class=\"et_pb_text_0 et_pb_text et_pb_bg_layout_light et_pb_module et_flex_module\"><div class=\"et_pb_text_inner\"><h1 style=\"text-align: center;\"><strong>SANS FRONTI\u00c8RES<\/strong><\/h1>\n<p><\/p>\n<p>&nbsp;<\/p>\n<p><\/p>\n<h2 style=\"text-align: center;\"><b>\u201cMon esprit est pour le monde entier\u201d<\/b><\/h2>\n<p><\/p>\n<h3 style=\"text-align: center;\">(St. Antoine Marie Claret)<\/h3>\n<p><\/p>\n<p style=\"text-align: center;\">\u00a0<\/p>\n<p><\/p>\n<p style=\"text-align: center;\">La devise \u00ab <em><strong>Sans fronti\u00e8res<\/strong><\/em> \u00bb nous invite \u00e0 regarder le monde avec les yeux de l\u2019\u00c9vangile et avec le c\u0153ur de Claret. En chaque migrant, nous reconnaissons un fr\u00e8re ou une s\u0153ur en chemin, et en chaque fronti\u00e8re, une occasion d\u2019abattre les murs et de construire la communion.<\/p>\n<p><\/p>\n<p style=\"text-align: center;\">\u00c0 l\u2019instar de<strong> Claret<\/strong> \u2013 dont l\u2019esprit s\u2019adressait au monde entier \u2013, nous voulons vivre la mission au-del\u00e0 des fronti\u00e8res g\u00e9ographiques, culturelles ou sociales, en accompagnant le chemin de ceux qui cherchent un lieu o\u00f9 vivre dans la dignit\u00e9.<\/p>\n<p><\/p>\n<p style=\"text-align: center;\">Aujourd\u2019hui, l\u2019un des cris les plus urgents de notre temps provient des millions de personnes contraintes de quitter leur terre, leur famille et leurs racines. <strong>La migration et les d\u00e9placements forc\u00e9s sont des r\u00e9alit\u00e9s<\/strong> qui traversent nos fronti\u00e8res, nos communaut\u00e9s et nos consciences.<\/p>\n<p><\/p>\n<p style=\"text-align: center;\">En tant que mission clar\u00e9taine, nous nous sentons appel\u00e9s \u00e0 marcher aux c\u00f4t\u00e9s des peuples en mouvement, \u00e0 reconna\u00eetre en chaque migrant le visage du Christ p\u00e8lerin, et \u00e0 r\u00e9pondre par des actions concr\u00e8tes <strong>d\u2019accueil, d\u2019accompagnement, de promotion et de d\u00e9fense de leurs droits.<\/strong><\/p>\n<p><\/p>\n<p style=\"text-align: center;\">La <strong>Journ\u00e9e de la mission clar\u00e9taine 2026<\/strong> se veut un moment pour approfondir cette dimension de notre mission et pour renforcer les projets qui apportent vie et espoir \u00e0 ceux qui cherchent un nouveau d\u00e9part.<\/p>\n<p><\/p>\n<p style=\"text-align: center;\">\u00a0<\/p>\n<\/div><\/div>\n<\/div>\n<\/div>\n<\/div>\n\n<div class=\"et_pb_section_4 et_pb_section et_section_regular et_block_section\">\n<div class=\"et_pb_row_3 et_pb_row et_block_row\">\n<div class=\"et_pb_column_3 et_pb_column et_pb_column_1_3 et_block_column et_pb_css_mix_blend_mode_passthrough\">\n<div class=\"et_pb_icon_0 et_pb_icon et_pb_module et_block_module\"><span class=\"et_pb_icon_wrap\"><span class=\"et-pb-icon\">L<\/span><\/span><\/div>\n\n<div class=\"et_pb_text_1 et_pb_text et_pb_bg_layout_light et_pb_module et_block_module preset--module--divi-text--c90634e7-c8be-46a0-85ee-46b3b318594d\"><div class=\"et_pb_text_inner\"><h5><span style=\"color: #ffffff;\">PROJET I<\/span><\/h5>\n<\/div><\/div>\n\n<div class=\"et_pb_text_2 et_pb_text et_pb_bg_layout_light et_pb_module et_block_module preset--module--divi-text--7cc01a46-e5de-436c-9521-44860d514859\"><div class=\"et_pb_text_inner\"><p><span style=\"color: #ffffff;\">Prise en charge globale, protection et autonomisation communautaire des migrants \u00e0 La Quiaca<\/span><\/p>\n<p><\/p>\n<p><span style=\"color: #ffffff;\"><strong>Argentine<\/strong><\/span><\/p>\n<\/div><\/div>\n\n<div class=\"et_pb_module et_pb_button_module_wrapper et_pb_button_0_wrapper preset--module--divi-button--b8e08709-b4b8-4d20-bba2-8f79eb5a7008_wrapper\"><a class=\"et_pb_button_0 et_pb_button et_pb_bg_layout_light et_pb_module et_block_module preset--module--divi-button--b8e08709-b4b8-4d20-bba2-8f79eb5a7008\" href=\"https:\/\/www.somicmf.org\/fr\/projet-i-journee-de-la-mission-claretaine-2026\/\" target=\"_blank\">Plus d&#039;informations<\/a><\/div>\n<\/div>\n\n<div class=\"et_pb_column_4 et_pb_column et_pb_column_1_3 et_block_column et_pb_css_mix_blend_mode_passthrough\">\n<div class=\"et_pb_icon_1 et_pb_icon et_pb_module et_block_module\"><span class=\"et_pb_icon_wrap\"><span class=\"et-pb-icon\">L<\/span><\/span><\/div>\n\n<div class=\"et_pb_text_3 et_pb_text et_pb_bg_layout_light et_pb_module et_block_module preset--module--divi-text--c90634e7-c8be-46a0-85ee-46b3b318594d\"><div class=\"et_pb_text_inner\"><h5><span style=\"color: #ffffff;\">PROJET II<\/span><\/h5>\n<\/div><\/div>\n\n<div class=\"et_pb_text_4 et_pb_text et_pb_bg_layout_light et_pb_module et_block_module preset--module--divi-text--7cc01a46-e5de-436c-9521-44860d514859\"><div class=\"et_pb_text_inner\"><p><strong>Reconstruire l'avenir : une salle d'\u00e9tude et d'alphab\u00e9tisation pour les enfants d\u00e9plac\u00e9s \u00e0 Koudougou<\/strong><\/p>\n<p><\/p>\n<p><strong>Burkina Faso<\/strong><\/p>\n<\/div><\/div>\n\n<div class=\"et_pb_module et_pb_button_module_wrapper et_pb_button_1_wrapper preset--module--divi-button--b8e08709-b4b8-4d20-bba2-8f79eb5a7008_wrapper\"><a class=\"et_pb_button_1 et_pb_button et_pb_bg_layout_light et_pb_module et_block_module preset--module--divi-button--b8e08709-b4b8-4d20-bba2-8f79eb5a7008\" href=\"https:\/\/www.somicmf.org\/fr\/projet-ii-journee-de-la-mission-claretaine-2026\/\" target=\"_blank\">Plus d&#039;informations<\/a><\/div>\n<\/div>\n\n<div class=\"et_pb_column_5 et_pb_column et_pb_column_1_3 et-last-child et_block_column et_pb_css_mix_blend_mode_passthrough\">\n<div class=\"et_pb_icon_2 et_pb_icon et_pb_module et_block_module\"><span class=\"et_pb_icon_wrap\"><span class=\"et-pb-icon\">L<\/span><\/span><\/div>\n\n<div class=\"et_pb_text_5 et_pb_text et_pb_bg_layout_light et_pb_module et_block_module preset--module--divi-text--c90634e7-c8be-46a0-85ee-46b3b318594d\"><div class=\"et_pb_text_inner\"><h5><span style=\"color: #ffffff;\">PROJET III<\/span><\/h5>\n<\/div><\/div>\n\n<div class=\"et_pb_text_6 et_pb_text et_pb_bg_layout_light et_pb_module et_block_module preset--module--divi-text--7cc01a46-e5de-436c-9521-44860d514859\"><div class=\"et_pb_text_inner\"><p><span style=\"color: #ffffff;\"><strong>Une \u00e9cole et un programme \u00e9ducatif destin\u00e9s aux enfants issus de tribus d\u00e9plac\u00e9es \u00e0 Laipharok<\/strong><\/span><\/p>\n<p><\/p>\n<p><span style=\"color: #ffffff;\"><strong>Inde<\/strong><\/span><\/p>\n<\/div><\/div>\n\n<div class=\"et_pb_module et_pb_button_module_wrapper et_pb_button_2_wrapper preset--module--divi-button--b8e08709-b4b8-4d20-bba2-8f79eb5a7008_wrapper\"><a class=\"et_pb_button_2 et_pb_button et_pb_bg_layout_light et_pb_module et_block_module preset--module--divi-button--b8e08709-b4b8-4d20-bba2-8f79eb5a7008\" href=\"https:\/\/www.somicmf.org\/fr\/projet-iii-journee-de-la-mission-claretaine-2026\/\" target=\"_blank\">Plus d&#039;informations<\/a><\/div>\n<\/div>\n<\/div>\n\n<div class=\"et_pb_row_4 et_pb_row et_block_row\">\n<div class=\"et_pb_column_6 et_pb_column et_pb_column_4_4 et-last-child et_block_column et_pb_css_mix_blend_mode_passthrough\">\n<div class=\"et_pb_module et_pb_button_module_wrapper et_pb_button_3_wrapper\"><a class=\"et_pb_button_3 et_pb_button et_pb_bg_layout_light et_pb_module et_block_module\" href=\"https:\/\/www.paypal.com\/donate?campaign_id=69B7VQQVTXKHG\" target=\"_blank\" data-icon=\"\uf4be\">FAITES UN DON<\/a><\/div>\n<\/div>\n<\/div>\n\n<div class=\"et_pb_row_5 et_pb_row et_block_row\">\n<div class=\"et_pb_column_7 et_pb_column et_pb_column_4_4 et-last-child et_block_column et_pb_css_mix_blend_mode_passthrough\">\n<div class=\"et_pb_image_1 et_pb_image et_pb_module et_block_module\"><span class=\"et_pb_image_wrap\"><img loading=\"lazy\" decoding=\"async\" src=\"https:\/\/www.somicmf.org\/wp-content\/uploads\/2026\/03\/Codice-QR_CMD26_PayPal.png\" width=\"128\" height=\"128\" srcset=\"https:\/\/www.somicmf.org\/wp-content\/uploads\/2026\/03\/Codice-QR_CMD26_PayPal.png 128w\" sizes=\"(max-width: 128px) 100vw, 128px\" class=\"wp-image-6119\" title=\"Codice QR_CMD26_PayPal\" \/><\/span><\/div>\n<\/div>\n<\/div>\n\n<div class=\"et_pb_row_6 et_pb_row et_flex_row\">\n<div class=\"et_pb_column_8 et_pb_column et-last-child et_flex_column et_pb_css_mix_blend_mode_passthrough et_flex_column_24_24 et_flex_column_24_24_tablet et_flex_column_24_24_phone\">\n<div class=\"et_pb_text_7 et_pb_text et_pb_bg_layout_light et_pb_module et_flex_module\"><div class=\"et_pb_text_inner\"><p style=\"text-align: center;\"><strong><a href=\"https:\/\/www.somicmf.org\/download\/295\/manuals\/6426\/fr_manual_experiences.pdf?lang=en\">T\u00c9L\u00c9CHARGEZ LE MANUEL POUR EN SAVOIR PLUS SUR LES PROJETS<\/a><\/strong><\/p>\n<\/div><\/div>\n\n<div class=\"et_pb_image_2 et_pb_image et_pb_module et_flex_module\"><a href=\"https:\/\/www.somicmf.org\/download\/295\/manuals\/6419\/en_manual_experiences_cmd26.pdf?lang=en\"><span class=\"et_pb_image_wrap\"><img loading=\"lazy\" decoding=\"async\" src=\"https:\/\/www.somicmf.org\/wp-content\/uploads\/2026\/03\/EN_Picture_Book.png\" title=\"FR_Picture_Book\" width=\"1920\" height=\"1080\" srcset=\"https:\/\/www.somicmf.org\/wp-content\/uploads\/2026\/03\/EN_Picture_Book.png 1920w, https:\/\/www.somicmf.org\/wp-content\/uploads\/2026\/03\/EN_Picture_Book-1280x720.png 1280w, https:\/\/www.somicmf.org\/wp-content\/uploads\/2026\/03\/EN_Picture_Book-980x551.png 980w, https:\/\/www.somicmf.org\/wp-content\/uploads\/2026\/03\/EN_Picture_Book-480x270.png 480w\" sizes=\"(min-width: 0px) and (max-width: 480px) 480px, (min-width: 481px) and (max-width: 980px) 980px, (min-width: 981px) and (max-width: 1280px) 1280px, (min-width: 1281px) 1920px, 100vw\" class=\"wp-image-6447\" \/><\/span><\/a><\/div>\n<\/div>\n<\/div>\n<\/div>","protected":false},"excerpt":{"rendered":"","protected":false},"author":12,"featured_media":0,"parent":939,"menu_order":1,"comment_status":"closed","ping_status":"closed","template":"","meta":{"footnotes":""},"class_list":["post-7117","page","type-page","status-publish","hentry"],"_links":{"self":[{"href":"https:\/\/www.somicmf.org\/fr\/wp-json\/wp\/v2\/pages\/7117","targetHints":{"allow":["GET"]}}],"collection":[{"href":"https:\/\/www.somicmf.org\/fr\/wp-json\/wp\/v2\/pages"}],"about":[{"href":"https:\/\/www.somicmf.org\/fr\/wp-json\/wp\/v2\/types\/page"}],"author":[{"embeddable":true,"href":"https:\/\/www.somicmf.org\/fr\/wp-json\/wp\/v2\/users\/12"}],"replies":[{"embeddable":true,"href":"https:\/\/www.somicmf.org\/fr\/wp-json\/wp\/v2\/comments?post=7117"}],"version-history":[{"count":4,"href":"https:\/\/www.somicmf.org\/fr\/wp-json\/wp\/v2\/pages\/7117\/revisions"}],"predecessor-version":[{"id":7662,"href":"https:\/\/www.somicmf.org\/fr\/wp-json\/wp\/v2\/pages\/7117\/revisions\/7662"}],"up":[{"embeddable":true,"href":"https:\/\/www.somicmf.org\/fr\/wp-json\/wp\/v2\/pages\/939"}],"wp:attachment":[{"href":"https:\/\/www.somicmf.org\/fr\/wp-json\/wp\/v2\/media?parent=7117"}],"curies":[{"name":"wp","href":"https:\/\/api.w.org\/{rel}","templated":true}]}}