{"id":1267,"date":"2024-02-07T23:46:04","date_gmt":"2024-02-07T22:46:04","guid":{"rendered":"https:\/\/www.somicmf.org\/jpic\/journees-internationales\/"},"modified":"2026-04-12T14:20:31","modified_gmt":"2026-04-12T12:20:31","slug":"journees-internationales","status":"publish","type":"page","link":"https:\/\/www.somicmf.org\/fr\/jpic\/journees-internationales\/","title":{"rendered":"Journ\u00e9es Internationales"},"content":{"rendered":"\n<div class=\"et_pb_section_0 et_pb_section et_pb_fullwidth_section et_section_regular et_block_section\"><section class=\"et_pb_fullwidth_header_0 et_pb_fullwidth_header et_pb_bg_layout_dark et_pb_text_align_left et_pb_module et_flex_module\"><div class=\"et_pb_fullwidth_header_container left\"><div class=\"header-content-container center\"><div class=\"header-content et_flex_module\"><h1 class=\"et_pb_module_header\">Journ\u00e9es Internationales<\/h1><div class=\"et_pb_header_content_wrapper\"><p>Cette section contient des documents pr\u00e9par\u00e9s par la Famille Clar\u00e9taine et l\u2019\u00e9quipe clar\u00e9taine aux Nations Unies pour c\u00e9l\u00e9brer les Journ\u00e9es internationales \u00e9tablies par les Nations Unies et par l\u2019\u00c9glise.<\/p>\n<\/div><div class=\"et_pb_header_button_wrapper\"><\/div><\/div><\/div><\/div><div class=\"et_pb_fullwidth_header_overlay\"><\/div><div class=\"et_pb_fullwidth_header_scroll\"><\/div><\/section><\/div><div class=\"et_pb_section_1 et_pb_section et_section_regular et_block_section\"><div class=\"et_pb_row_0 et_pb_row et_block_row\"><div class=\"et_pb_column_0 et_pb_column et_pb_column_4_4 et-last-child et_block_column et_pb_css_mix_blend_mode_passthrough\"><div class=\"et_pb_blog_0 et_pb_blog et_pb_bg_layout_light et_pb_posts et_pb_module\"><div class=\"et_pb_ajax_pagination_container\"><div class=\"et_pb_posts et_grid_module\"><article class=\"et_pb_post et_pb_post_id_6638 clearfix et_pb_blog_item_0_0 post-6638 post type-post status-publish format-standard has-post-thumbnail hentry category-journees-internationales\"><div class=\"et_pb_image_container\"><a href=\"https:\/\/www.somicmf.org\/fr\/journee-internationale-de-la-terre-mere-8\/\" class=\"entry-featured-image-url\"><img loading=\"lazy\" decoding=\"async\" src=\"https:\/\/www.somicmf.org\/wp-content\/uploads\/2026\/04\/OP.jpg\" width=\"400\" height=\"284\" alt=\"Journ\u00e9e Internationale de la Terre M\u00e8re\" class=\"\" srcset=\"https:\/\/www.somicmf.org\/wp-content\/uploads\/2026\/04\/OP.jpg 479w, https:\/\/www.somicmf.org\/wp-content\/uploads\/2026\/04\/OP-400x284.jpg 480w\" sizes=\"(max-width:479px) 479px, 100vw\" \/><span data-icon=\"\ue050\" class=\"et_overlay et_pb_inline_icon\"><\/span><\/a><\/div><h2 class=\"entry-title\"><a href=\"https:\/\/www.somicmf.org\/fr\/journee-internationale-de-la-terre-mere-8\/\">Journ\u00e9e Internationale de la Terre M\u00e8re<\/a><\/h2><p class=\"post-meta\"><\/p><div class=\"post-content\"><div class=\"post-content-inner\"><\/div><\/div><\/article><article class=\"et_pb_post et_pb_post_id_6630 clearfix et_pb_blog_item_0_1 post-6630 post type-post status-publish format-standard has-post-thumbnail hentry category-journees-internationales\"><div class=\"et_pb_image_container\"><a href=\"https:\/\/www.somicmf.org\/fr\/journee-internationale-de-la-terre-mere-7\/\" class=\"entry-featured-image-url\"><img loading=\"lazy\" decoding=\"async\" src=\"https:\/\/www.somicmf.org\/wp-content\/uploads\/2026\/04\/OP.jpg\" width=\"400\" height=\"284\" alt=\"Journ\u00e9e Internationale de la Terre M\u00e8re\" class=\"\" srcset=\"https:\/\/www.somicmf.org\/wp-content\/uploads\/2026\/04\/OP.jpg 479w, https:\/\/www.somicmf.org\/wp-content\/uploads\/2026\/04\/OP-400x284.jpg 480w\" sizes=\"(max-width:479px) 479px, 100vw\" \/><span data-icon=\"\ue050\" class=\"et_overlay et_pb_inline_icon\"><\/span><\/a><\/div><h2 class=\"entry-title\"><a href=\"https:\/\/www.somicmf.org\/fr\/journee-internationale-de-la-terre-mere-7\/\">Journ\u00e9e Internationale de la Terre M\u00e8re<\/a><\/h2><p class=\"post-meta\"><\/p><div class=\"post-content\"><div class=\"post-content-inner\"><\/div><\/div><\/article><article class=\"et_pb_post et_pb_post_id_6089 clearfix et_pb_no_thumb et_pb_blog_item_0_2 post-6089 post type-post status-publish format-standard hentry category-journees-internationales\"><h2 class=\"entry-title\"><a href=\"https:\/\/www.somicmf.org\/fr\/droits-justice-et-action-pour-et-par-toutes-les-femmes-et-les-filles\/\">\u00ab Droits, justice et action pour et par toutes les femmes et les filles \u00bb.<\/a><\/h2><p class=\"post-meta\"><\/p><div class=\"post-content\"><div class=\"post-content-inner\"><\/div><\/div><\/article><article class=\"et_pb_post et_pb_post_id_6052 clearfix et_pb_blog_item_0_3 post-6052 post type-post status-publish format-standard has-post-thumbnail hentry category-journees-internationales\"><div class=\"et_pb_image_container\"><a href=\"https:\/\/www.somicmf.org\/fr\/8-fevrier-memoire-de-sainte-josephine-bakhita-et-journee-mondiale-de-priere-et-de-reflexion-contre-la-traite-des-personnes\/\" class=\"entry-featured-image-url\"><img loading=\"lazy\" decoding=\"async\" src=\"https:\/\/www.somicmf.org\/wp-content\/uploads\/2026\/01\/download-1.jpeg\" width=\"270\" height=\"187\" alt=\"8 f\u00e9vrier, m\u00e9moire de sainte Jos\u00e9phine Bakhita et Journ\u00e9e mondiale de pri\u00e8re et de r\u00e9flexion contre la traite des personnes\" class=\"\" srcset=\"https:\/\/www.somicmf.org\/wp-content\/uploads\/2026\/01\/download-1.jpeg 479w, https:\/\/www.somicmf.org\/wp-content\/uploads\/2026\/01\/download-1.jpeg 480w\" sizes=\"(max-width:479px) 479px, 100vw\" \/><span data-icon=\"\ue050\" class=\"et_overlay et_pb_inline_icon\"><\/span><\/a><\/div><h2 class=\"entry-title\"><a href=\"https:\/\/www.somicmf.org\/fr\/8-fevrier-memoire-de-sainte-josephine-bakhita-et-journee-mondiale-de-priere-et-de-reflexion-contre-la-traite-des-personnes\/\">8 f\u00e9vrier, m\u00e9moire de sainte Jos\u00e9phine Bakhita et Journ\u00e9e mondiale de pri\u00e8re et de r\u00e9flexion contre la traite des personnes<\/a><\/h2><p class=\"post-meta\"><\/p><div class=\"post-content\"><div class=\"post-content-inner\"><\/div><\/div><\/article><article class=\"et_pb_post et_pb_post_id_5944 clearfix et_pb_blog_item_0_4 post-5944 post type-post status-publish format-standard has-post-thumbnail hentry category-journees-internationales category-jpic-fr\"><div class=\"et_pb_image_container\"><a href=\"https:\/\/www.somicmf.org\/fr\/journee-mondiale-de-la-paix-2026\/\" class=\"entry-featured-image-url\"><img loading=\"lazy\" decoding=\"async\" src=\"https:\/\/www.somicmf.org\/wp-content\/uploads\/2025\/12\/eng-.jpeg\" width=\"400\" height=\"284\" alt=\"Journ\u00e9e mondiale de la paix 2026\" class=\"\" srcset=\"https:\/\/www.somicmf.org\/wp-content\/uploads\/2025\/12\/eng-.jpeg 479w, https:\/\/www.somicmf.org\/wp-content\/uploads\/2025\/12\/eng--400x284.jpeg 480w\" sizes=\"(max-width:479px) 479px, 100vw\" \/><span data-icon=\"\ue050\" class=\"et_overlay et_pb_inline_icon\"><\/span><\/a><\/div><h2 class=\"entry-title\"><a href=\"https:\/\/www.somicmf.org\/fr\/journee-mondiale-de-la-paix-2026\/\">Journ\u00e9e mondiale de la paix 2026<\/a><\/h2><p class=\"post-meta\"><\/p><div class=\"post-content\"><div class=\"post-content-inner\"><\/div><\/div><\/article><article class=\"et_pb_post et_pb_post_id_5312 clearfix et_pb_blog_item_0_5 post-5312 post type-post status-publish format-standard has-post-thumbnail hentry category-journees-internationales\"><div class=\"et_pb_image_container\"><a href=\"https:\/\/www.somicmf.org\/fr\/ix%e1%b5%89-journee-mondiale-des-pauvres\/\" class=\"entry-featured-image-url\"><img loading=\"lazy\" decoding=\"async\" src=\"https:\/\/www.somicmf.org\/wp-content\/uploads\/2025\/10\/poor.png\" width=\"400\" height=\"253\" alt=\"IX\u1d49 Journ\u00e9e mondiale des pauvres\" class=\"\" srcset=\"https:\/\/www.somicmf.org\/wp-content\/uploads\/2025\/10\/poor.png 479w, https:\/\/www.somicmf.org\/wp-content\/uploads\/2025\/10\/poor-400x253.png 480w\" sizes=\"(max-width:479px) 479px, 100vw\" \/><span data-icon=\"\ue050\" class=\"et_overlay et_pb_inline_icon\"><\/span><\/a><\/div><h2 class=\"entry-title\"><a href=\"https:\/\/www.somicmf.org\/fr\/ix%e1%b5%89-journee-mondiale-des-pauvres\/\">IX\u1d49 Journ\u00e9e mondiale des pauvres<\/a><\/h2><p class=\"post-meta\"><\/p><div class=\"post-content\"><div class=\"post-content-inner\"><\/div><\/div><\/article><\/div><div class=\"pagination clearfix\">\n\t<div class=\"alignleft\"><a href=\"https:\/\/www.somicmf.org\/fr\/wp-json\/wp\/v2\/pages\/1267\/page\/2\/?et_blog\" >&laquo; Entr\u00e9es Plus Anciennes<\/a><\/div>\n\t<div class=\"alignright\"><\/div>\n<\/div><\/div><\/div><\/div><\/div><\/div><div class=\"et_pb_section_2 et_pb_section et_section_regular et_block_section et_pb_section_parallax\"><span class=\"et-pb-parallax-wrapper\"><span class=\"et-pb-parallax-background et-pb-parallax-background-module--divi-section-2\" style=\"background-image:url(https:\/\/www.somicmf.org\/wp-content\/uploads\/2024\/09\/int-banner.jpg)\"><\/span><\/span><div class=\"et_pb_row_1 et_pb_row et_block_row\"><div class=\"et_pb_column_1 et_pb_column et_pb_column_4_4 et-last-child et_block_column et_pb_css_mix_blend_mode_passthrough\"><div class=\"et_pb_text_0 et_pb_text et_pb_bg_layout_light et_pb_module et_block_module\"><div class=\"et_pb_text_inner\"><h2>Mat\u00e9riaux produits par la Famille clar\u00e9taine<\/h2>\n<\/div><\/div><\/div><\/div><\/div>\n","protected":false},"excerpt":{"rendered":"","protected":false},"author":7,"featured_media":1732,"parent":582,"menu_order":0,"comment_status":"closed","ping_status":"closed","template":"","meta":{"footnotes":""},"class_list":["post-1267","page","type-page","status-publish","has-post-thumbnail","hentry"],"_links":{"self":[{"href":"https:\/\/www.somicmf.org\/fr\/wp-json\/wp\/v2\/pages\/1267","targetHints":{"allow":["GET"]}}],"collection":[{"href":"https:\/\/www.somicmf.org\/fr\/wp-json\/wp\/v2\/pages"}],"about":[{"href":"https:\/\/www.somicmf.org\/fr\/wp-json\/wp\/v2\/types\/page"}],"author":[{"embeddable":true,"href":"https:\/\/www.somicmf.org\/fr\/wp-json\/wp\/v2\/users\/7"}],"replies":[{"embeddable":true,"href":"https:\/\/www.somicmf.org\/fr\/wp-json\/wp\/v2\/comments?post=1267"}],"version-history":[{"count":20,"href":"https:\/\/www.somicmf.org\/fr\/wp-json\/wp\/v2\/pages\/1267\/revisions"}],"predecessor-version":[{"id":6896,"href":"https:\/\/www.somicmf.org\/fr\/wp-json\/wp\/v2\/pages\/1267\/revisions\/6896"}],"up":[{"embeddable":true,"href":"https:\/\/www.somicmf.org\/fr\/wp-json\/wp\/v2\/pages\/582"}],"wp:featuredmedia":[{"embeddable":true,"href":"https:\/\/www.somicmf.org\/fr\/wp-json\/wp\/v2\/media\/1732"}],"wp:attachment":[{"href":"https:\/\/www.somicmf.org\/fr\/wp-json\/wp\/v2\/media?parent=1267"}],"curies":[{"name":"wp","href":"https:\/\/api.w.org\/{rel}","templated":true}]}}