{"id":7086,"date":"2026-04-10T11:18:06","date_gmt":"2026-04-10T09:18:06","guid":{"rendered":"https:\/\/www.somicmf.org\/dia-de-la-mision-claretiana\/dia-de-la-mision-claretiana-2026\/"},"modified":"2026-04-16T10:27:19","modified_gmt":"2026-04-16T08:27:19","slug":"dia-de-la-mision-claretiana-2026","status":"publish","type":"page","link":"https:\/\/www.somicmf.org\/es\/dia-de-la-mision-claretiana\/dia-de-la-mision-claretiana-2026\/","title":{"rendered":"D\u00eda de la Misi\u00f3n Claretiana 2026"},"content":{"rendered":"<div class=\"et_pb_section_0 et_pb_section et_section_regular et_flex_section\">\n<div class=\"et_pb_row_0 et_pb_row et_flex_row\">\n<div class=\"et_pb_column_0 et_pb_column et-last-child et_flex_column et_pb_css_mix_blend_mode_passthrough et_flex_column_24_24 et_flex_column_24_24_tablet et_flex_column_24_24_phone\">\n<div class=\"et_pb_image_0 et_pb_image et_pb_module et_flex_module\"><span class=\"et_pb_image_wrap\"><img loading=\"lazy\" decoding=\"async\" src=\"https:\/\/www.somicmf.org\/wp-content\/uploads\/2026\/04\/ES_Logo_CMD26.png\" title=\"ES_Logo_CMD26\" width=\"450\" height=\"414\" srcset=\"https:\/\/www.somicmf.org\/wp-content\/uploads\/2026\/04\/ES_Logo_CMD26.png 450w, https:\/\/www.somicmf.org\/wp-content\/uploads\/2026\/04\/ES_Logo_CMD26-300x276.png 300w\" sizes=\"(max-width: 450px) 100vw, 450px\" class=\"wp-image-7553\" \/><\/span><\/div>\n<\/div>\n<\/div>\n<\/div>\n\n<div class=\"et_pb_section_1 et_pb_section et_pb_fullwidth_section et_section_regular et_block_section\">\n<section class=\"et_pb_fullwidth_header_0 et_pb_fullwidth_header et_pb_bg_layout_light et_pb_text_align_center et_pb_module et_flex_module\"><div class=\"et_pb_fullwidth_header_container center\"><div class=\"header-content-container center\"><div class=\"header-content et_flex_module\"><h1 class=\"et_pb_module_header\" data-et-mv-hidden-tablet=\"true\">D\u00cdA DE LA MISI\u00d3N CLARETIANA 2026<\/h1><span class=\"et_pb_fullwidth_header_subhead\" data-et-mv-hidden-tablet=\"true\" data-et-mv-hidden-phone=\"true\">Conoce y acompa\u00f1a las migraciones en el mundo<\/span><div class=\"et_pb_header_button_wrapper\"><\/div><\/div><\/div><\/div><div class=\"et_pb_fullwidth_header_overlay\"><\/div><div class=\"et_pb_fullwidth_header_scroll\"><\/div><\/section>\n<\/div>\n\n<div class=\"et_pb_section_2 et_pb_section et_section_regular et_flex_section\">\n<div class=\"et_pb_row_1 et_pb_row et_flex_row\">\n<div class=\"et_pb_column_1 et_pb_column et-last-child et_flex_column et_pb_css_mix_blend_mode_passthrough et_flex_column_24_24 et_flex_column_24_24_tablet et_flex_column_24_24_phone\">\n<div class=\"et_pb_video_0 et_pb_video et_pb_module et_flex_module\"><div class=\"et_pb_video_box\"><iframe loading=\"lazy\" title=\"\u00abSin fronteras\u00bb: D\u00eda de la Misi\u00f3n Claretiana 2026\" width=\"1080\" height=\"608\" src=\"https:\/\/www.youtube.com\/embed\/IUALYKTlgUk?feature=oembed\"  allow=\"accelerometer; autoplay; clipboard-write; encrypted-media; gyroscope; picture-in-picture; web-share\" referrerpolicy=\"strict-origin-when-cross-origin\" allowfullscreen><\/iframe><\/div><div class=\"et_pb_video_overlay\" style=\"background-image:url(https:\/\/www.somicmf.org\/wp-content\/uploads\/2026\/04\/ES.png)\"><div class=\"et_pb_video_overlay_hover\"><a class=\"et_pb_video_play\" href=\"#\"><\/a><\/div><\/div><\/div>\n<\/div>\n<\/div>\n<\/div>\n\n<div class=\"et_pb_section_3 et_pb_section et_section_regular et_flex_section\">\n<div class=\"et_pb_row_2 et_pb_row et_flex_row\">\n<div class=\"et_pb_column_2 et_pb_column et-last-child et_flex_column et_pb_css_mix_blend_mode_passthrough et_flex_column_24_24 et_flex_column_24_24_tablet et_flex_column_24_24_phone\">\n<div class=\"et_pb_text_0 et_pb_text et_pb_bg_layout_light et_pb_module et_flex_module\"><div class=\"et_pb_text_inner\"><h1 style=\"text-align: center;\"><strong>SIN FRONTERAS<\/strong><\/h1>\n<p><\/p>\n<h2 style=\"text-align: center;\"><b>\u201cMi esp\u00edritu es para todo el mundo\u201d<\/b><\/h2>\n<p><\/p>\n<h3 style=\"text-align: center;\">(S. Antonio Maria Claret)<\/h3>\n<p><\/p>\n<p style=\"text-align: center;\">\u00a0<\/p>\n<p><\/p>\n<p style=\"text-align: center;\">El lema <strong><em>\u00abSin fronteras\u00bb<\/em><\/strong> nos invita a mirar el mundo con los ojos del Evangelio y con el coraz\u00f3n de Claret. En cada migrante reconocemos a un hermano o una hermana en el camino, y en cada frontera, una oportunidad para derribar muros y construir comuni\u00f3n.<\/p>\n<p><\/p>\n<p style=\"text-align: center;\">Al igual que <strong>Claret<\/strong> \u2014cuyo esp\u00edritu abarcaba el mundo entero\u2014, queremos vivir la misi\u00f3n m\u00e1s all\u00e1 de las fronteras geogr\u00e1ficas, culturales o sociales, acompa\u00f1ando el camino de quienes buscan un lugar donde vivir con dignidad.<\/p>\n<p><\/p>\n<p style=\"text-align: center;\">Hoy en d\u00eda, uno de los gritos m\u00e1s urgentes de nuestro tiempo proviene de los millones de personas que se ven obligadas a abandonar su tierra, sus familias y sus ra\u00edces. <strong>La migraci\u00f3n y el desplazamiento forzoso son realidades<\/strong> que traspasan nuestras fronteras, nuestras comunidades y nuestras conciencias.<\/p>\n<p><\/p>\n<p style=\"text-align: center;\">Como misi\u00f3n claretiana, nos sentimos llamados a caminar junto a los pueblos en movimiento, a reconocer en cada migrante el rostro de Cristo peregrino y a responder con acciones concretas de<strong> acogida, acompa\u00f1amiento, promoci\u00f3n y defensa de sus derechos.<\/strong><\/p>\n<p><\/p>\n<p class=\"has-text-align-left\" style=\"text-align: center;\">El <strong>D\u00eda de la Misi\u00f3n Claretiana 2026<\/strong> pretende ser un momento para profundizar en esta dimensi\u00f3n de nuestra misi\u00f3n y reforzar los proyectos que aportan vida y esperanza a quienes buscan un nuevo comienzo.<\/p>\n<\/div><\/div>\n<\/div>\n<\/div>\n<\/div>\n\n<div class=\"et_pb_section_4 et_pb_section et_section_regular et_block_section\">\n<div class=\"et_pb_row_3 et_pb_row et_block_row\">\n<div class=\"et_pb_column_3 et_pb_column et_pb_column_1_3 et_block_column et_pb_css_mix_blend_mode_passthrough\">\n<div class=\"et_pb_icon_0 et_pb_icon et_pb_module et_block_module\"><span class=\"et_pb_icon_wrap\"><span class=\"et-pb-icon\">L<\/span><\/span><\/div>\n\n<div class=\"et_pb_text_1 et_pb_text et_pb_bg_layout_light et_pb_module et_block_module preset--module--divi-text--c90634e7-c8be-46a0-85ee-46b3b318594d\"><div class=\"et_pb_text_inner\"><h5><strong><span style=\"color: #ffffff;\">PROYECTO I<\/span><\/strong><\/h5>\n<\/div><\/div>\n\n<div class=\"et_pb_text_2 et_pb_text et_pb_bg_layout_light et_pb_module et_block_module preset--module--divi-text--7cc01a46-e5de-436c-9521-44860d514859\"><div class=\"et_pb_text_inner\"><p><strong><span style=\"color: #ffffff;\">Atenci\u00f3n integral, protecci\u00f3n y empoderamiento comunitario para los migrantes en La Quiaca<\/span><\/strong><\/p>\n<p><strong><span style=\"color: #ffffff;\">Argentina<\/span><\/strong><\/p>\n<\/div><\/div>\n\n<div class=\"et_pb_module et_pb_button_module_wrapper et_pb_button_0_wrapper preset--module--divi-button--b8e08709-b4b8-4d20-bba2-8f79eb5a7008_wrapper\"><a class=\"et_pb_button_0 et_pb_button et_pb_bg_layout_light et_pb_module et_block_module preset--module--divi-button--b8e08709-b4b8-4d20-bba2-8f79eb5a7008\" href=\"https:\/\/www.somicmf.org\/project-i-claretian-mission-day-2026-2\/\" target=\"_blank\">M\u00e1s detalles<\/a><\/div>\n<\/div>\n\n<div class=\"et_pb_column_4 et_pb_column et_pb_column_1_3 et_block_column et_pb_css_mix_blend_mode_passthrough\">\n<div class=\"et_pb_icon_1 et_pb_icon et_pb_module et_block_module\"><span class=\"et_pb_icon_wrap\"><span class=\"et-pb-icon\">L<\/span><\/span><\/div>\n\n<div class=\"et_pb_text_3 et_pb_text et_pb_bg_layout_light et_pb_module et_block_module preset--module--divi-text--c90634e7-c8be-46a0-85ee-46b3b318594d\"><div class=\"et_pb_text_inner\"><h5><span style=\"color: #ffffff;\"><strong>PROYECTO II<\/strong><\/span><\/h5>\n<\/div><\/div>\n\n<div class=\"et_pb_text_4 et_pb_text et_pb_bg_layout_light et_pb_module et_block_module preset--module--divi-text--7cc01a46-e5de-436c-9521-44860d514859\"><div class=\"et_pb_text_inner\"><p><strong><span style=\"color: #ffffff;\">Reconstruyendo el futuro: sala de estudio y alfabetizaci\u00f3n para ni\u00f1os desplazados en Koudougou<\/span><\/strong><\/p>\n<p><strong><span style=\"color: #ffffff;\">Burkina Faso<\/span><\/strong><\/p>\n<\/div><\/div>\n\n<div class=\"et_pb_module et_pb_button_module_wrapper et_pb_button_1_wrapper preset--module--divi-button--b8e08709-b4b8-4d20-bba2-8f79eb5a7008_wrapper\"><a class=\"et_pb_button_1 et_pb_button et_pb_bg_layout_light et_pb_module et_block_module preset--module--divi-button--b8e08709-b4b8-4d20-bba2-8f79eb5a7008\" href=\"https:\/\/www.somicmf.org\/project-ii-claretian-mission-day-2026\/\" target=\"_blank\">M\u00e1s detalles<\/a><\/div>\n<\/div>\n\n<div class=\"et_pb_column_5 et_pb_column et_pb_column_1_3 et-last-child et_block_column et_pb_css_mix_blend_mode_passthrough\">\n<div class=\"et_pb_icon_2 et_pb_icon et_pb_module et_block_module\"><span class=\"et_pb_icon_wrap\"><span class=\"et-pb-icon\">L<\/span><\/span><\/div>\n\n<div class=\"et_pb_text_5 et_pb_text et_pb_bg_layout_light et_pb_module et_block_module preset--module--divi-text--c90634e7-c8be-46a0-85ee-46b3b318594d\"><div class=\"et_pb_text_inner\"><h5><span style=\"color: #ffffff;\"><strong>PROYECTO III<\/strong><\/span><\/h5>\n<\/div><\/div>\n\n<div class=\"et_pb_text_6 et_pb_text et_pb_bg_layout_light et_pb_module et_block_module preset--module--divi-text--7cc01a46-e5de-436c-9521-44860d514859\"><div class=\"et_pb_text_inner\"><p><strong><span style=\"color: #ffffff;\">Una escuela y un programa educativo para ni\u00f1os de tribus desplazadas en Laipharok<\/span><\/strong><\/p>\n<p><strong><span style=\"color: #ffffff;\">India<\/span><\/strong><\/p>\n<\/div><\/div>\n\n<div class=\"et_pb_module et_pb_button_module_wrapper et_pb_button_2_wrapper preset--module--divi-button--b8e08709-b4b8-4d20-bba2-8f79eb5a7008_wrapper\"><a class=\"et_pb_button_2 et_pb_button et_pb_bg_layout_light et_pb_module et_block_module preset--module--divi-button--b8e08709-b4b8-4d20-bba2-8f79eb5a7008\" href=\"https:\/\/www.somicmf.org\/project-iii-claretian-mission-day-2026\/\" target=\"_blank\">M\u00e1s detalles<\/a><\/div>\n<\/div>\n<\/div>\n\n<div class=\"et_pb_row_4 et_pb_row et_block_row\">\n<div class=\"et_pb_column_6 et_pb_column et_pb_column_4_4 et-last-child et_block_column et_pb_css_mix_blend_mode_passthrough\">\n<div class=\"et_pb_module et_pb_button_module_wrapper et_pb_button_3_wrapper\"><a class=\"et_pb_button_3 et_pb_button et_pb_bg_layout_light et_pb_module et_block_module\" href=\"https:\/\/www.paypal.com\/donate?campaign_id=69B7VQQVTXKHG\" target=\"_blank\" data-icon=\"\uf4be\">DONA AHORA<\/a><\/div>\n<\/div>\n<\/div>\n\n<div class=\"et_pb_row_5 et_pb_row et_block_row\">\n<div class=\"et_pb_column_7 et_pb_column et_pb_column_4_4 et-last-child et_block_column et_pb_css_mix_blend_mode_passthrough\">\n<div class=\"et_pb_image_1 et_pb_image et_pb_module et_block_module\"><span class=\"et_pb_image_wrap\"><img loading=\"lazy\" decoding=\"async\" src=\"https:\/\/www.somicmf.org\/wp-content\/uploads\/2026\/03\/Codice-QR_CMD26_PayPal.png\" width=\"128\" height=\"128\" srcset=\"https:\/\/www.somicmf.org\/wp-content\/uploads\/2026\/03\/Codice-QR_CMD26_PayPal.png 128w\" sizes=\"(max-width: 128px) 100vw, 128px\" class=\"wp-image-6119\" title=\"Codice QR_CMD26_PayPal\" \/><\/span><\/div>\n<\/div>\n<\/div>\n\n<div class=\"et_pb_row_6 et_pb_row et_flex_row\">\n<div class=\"et_pb_column_8 et_pb_column et-last-child et_flex_column et_pb_css_mix_blend_mode_passthrough et_flex_column_24_24 et_flex_column_24_24_tablet et_flex_column_24_24_phone\">\n<div class=\"et_pb_text_7 et_pb_text et_pb_bg_layout_light et_pb_module et_flex_module\"><div class=\"et_pb_text_inner\"><p style=\"text-align: center;\">Descubre m\u00e1s sobre las experiencias de los claretianos en el \u00e1mbito de la migraci\u00f3n. <br \/>Descarga el libro \u00abNuestra misi\u00f3n en el mundo\u00bb.<\/p>\n<\/div><\/div>\n\n<div class=\"et_pb_image_2 et_pb_image et_pb_module et_flex_module\"><a href=\"https:\/\/www.somicmf.org\/download\/295\/manuals\/6423\/es_manual_experiences_dmc.pdf?lang=es\"><span class=\"et_pb_image_wrap\"><img loading=\"lazy\" decoding=\"async\" src=\"https:\/\/www.somicmf.org\/wp-content\/uploads\/2026\/04\/ES_Picture_Book_TRANSPARENT.png\" title=\"ES_Picture_Book_TRANSPARENT\" width=\"825\" height=\"1080\" srcset=\"https:\/\/www.somicmf.org\/wp-content\/uploads\/2026\/04\/ES_Picture_Book_TRANSPARENT.png 825w, https:\/\/www.somicmf.org\/wp-content\/uploads\/2026\/04\/ES_Picture_Book_TRANSPARENT-480x628.png 480w\" sizes=\"(min-width: 0px) and (max-width: 480px) 480px, (min-width: 481px) 825px, 100vw\" class=\"wp-image-7232\" \/><\/span><\/a><\/div>\n<\/div>\n<\/div>\n<\/div>","protected":false},"excerpt":{"rendered":"","protected":false},"author":12,"featured_media":0,"parent":482,"menu_order":1,"comment_status":"closed","ping_status":"closed","template":"","meta":{"footnotes":""},"class_list":["post-7086","page","type-page","status-publish","hentry"],"_links":{"self":[{"href":"https:\/\/www.somicmf.org\/es\/wp-json\/wp\/v2\/pages\/7086","targetHints":{"allow":["GET"]}}],"collection":[{"href":"https:\/\/www.somicmf.org\/es\/wp-json\/wp\/v2\/pages"}],"about":[{"href":"https:\/\/www.somicmf.org\/es\/wp-json\/wp\/v2\/types\/page"}],"author":[{"embeddable":true,"href":"https:\/\/www.somicmf.org\/es\/wp-json\/wp\/v2\/users\/12"}],"replies":[{"embeddable":true,"href":"https:\/\/www.somicmf.org\/es\/wp-json\/wp\/v2\/comments?post=7086"}],"version-history":[{"count":23,"href":"https:\/\/www.somicmf.org\/es\/wp-json\/wp\/v2\/pages\/7086\/revisions"}],"predecessor-version":[{"id":7766,"href":"https:\/\/www.somicmf.org\/es\/wp-json\/wp\/v2\/pages\/7086\/revisions\/7766"}],"up":[{"embeddable":true,"href":"https:\/\/www.somicmf.org\/es\/wp-json\/wp\/v2\/pages\/482"}],"wp:attachment":[{"href":"https:\/\/www.somicmf.org\/es\/wp-json\/wp\/v2\/media?parent=7086"}],"curies":[{"name":"wp","href":"https:\/\/api.w.org\/{rel}","templated":true}]}}