{"id":573,"date":"2024-02-08T00:13:14","date_gmt":"2024-02-07T23:13:14","guid":{"rendered":"https:\/\/www.somicmf.org\/cambio-climatico-y-las-cuestiones-ambientales\/"},"modified":"2026-04-12T14:20:39","modified_gmt":"2026-04-12T12:20:39","slug":"cambio-climatico-y-las-cuestiones-ambientales","status":"publish","type":"page","link":"https:\/\/www.somicmf.org\/es\/cambio-climatico-y-las-cuestiones-ambientales\/","title":{"rendered":"Cambio clim\u00e1tico y las cuestiones ambientales"},"content":{"rendered":"\n<div class=\"et_pb_section_0 et_pb_section et_pb_fullwidth_section et_section_regular et_block_section et_pb_section_parallax\"><span class=\"et-pb-parallax-wrapper\"><span class=\"et-pb-parallax-background et-pb-parallax-background-module--divi-section-0\" style=\"background-image:url(https:\/\/www.somicmf.org\/wp-content\/uploads\/2024\/02\/COP-cmf.png)\"><\/span><\/span><section class=\"et_pb_fullwidth_header_0 et_pb_fullwidth_header et_pb_bg_layout_dark et_pb_text_align_center et_pb_module et_flex_module\"><div class=\"et_pb_fullwidth_header_container center\"><div class=\"header-content-container center\"><div class=\"header-content et_flex_module\"><h1 class=\"et_pb_module_header\">Cambio clim\u00e1tico y las cuestiones ambientales<\/h1><span class=\"et_pb_fullwidth_header_subhead\">Proclade Internationale Onlus - Presencia claretiana en las Naciones Unidas<\/span><div class=\"et_pb_header_button_wrapper\"><\/div><\/div><\/div><\/div><div class=\"et_pb_fullwidth_header_overlay\"><\/div><div class=\"et_pb_fullwidth_header_scroll\"><\/div><\/section><\/div><div class=\"et_pb_section_1 et_pb_section et_section_specialty et_pb_gutters3 et_block_section\"><div class=\"et_pb_row et_pb_row-1-4_1-2_1-4 et_block_row\"><div class=\"et_pb_column_0 et_pb_column et_pb_column_single et_pb_column_1_4 et_block_column et_pb_css_mix_blend_mode_passthrough\"><div class=\"et_pb_image_0 et_pb_image et_pb_module et_block_module\"><span class=\"et_pb_image_wrap\"><img loading=\"lazy\" decoding=\"async\" src=\"https:\/\/www.somicmf.org\/wp-content\/uploads\/2024\/02\/Screenshot-2023-11-20-121231.png\" width=\"249\" height=\"142\" srcset=\"https:\/\/www.somicmf.org\/wp-content\/uploads\/2024\/02\/Screenshot-2023-11-20-121231.png 249w\" sizes=\"(max-width: 249px) 100vw, 249px\" class=\"wp-image-373\" title=\"Screenshot 2023-11-20 121231\" \/><\/span><\/div><\/div><div class=\"et_pb_column_1 et_pb_column et_pb_specialty_column et_pb_column_1_2 et_block_column et_pb_css_mix_blend_mode_passthrough\"><div class=\"et_pb_row_inner_0 et_pb_row_inner et_block_row\"><div class=\"et_pb_column_inner_0 et_pb_column_inner et_pb_column et_pb_column_4_4 et-last-child et_block_column et_pb_css_mix_blend_mode_passthrough\"><div class=\"et_pb_text_0 et_pb_text et_pb_bg_layout_light et_pb_module et_block_module\"><div class=\"et_pb_text_inner\"><h1>COP 28<\/h1>\n<p>&nbsp;<\/p>\n<h2 class=\"text-brand mb-10 text-center\">REUNIENDO LA<br role=\"presentation\" data-uw-rm-sr=\"\"><span class=\" bg-mint px-2 inline-block\">COMUNIDAD<\/span> <span class=\" bg-mint px-2 inline-block\">INTERNACIONAL<\/span><br role=\"presentation\" data-uw-rm-sr=\"\">EN LA ENCRUCIJADA DEL MUNDO<\/h2>\n<\/div><\/div><\/div><\/div><\/div><div class=\"et_pb_column_2 et_pb_column et_pb_column_single et_pb_column_1_4 et-last-child et_block_column et_pb_column_empty et_pb_css_mix_blend_mode_passthrough\"><\/div><\/div><\/div><div class=\"et_pb_section_2 et_pb_section et_section_regular et_block_section\"><div class=\"et_pb_row_0 et_pb_row et_block_row\"><div class=\"et_pb_column_3 et_pb_column et_pb_column_4_4 et-last-child et_block_column et_pb_css_mix_blend_mode_passthrough\"><div class=\"et_pb_blog_0 et_pb_blog et_pb_bg_layout_light et_pb_posts et_pb_module\"><div class=\"et_pb_ajax_pagination_container\"><div class=\"et_pb_posts et_grid_module\"><article class=\"et_pb_post et_pb_post_id_572 clearfix et_pb_blog_item_0_0 post-572 post type-post status-publish format-standard has-post-thumbnail hentry category-claretianos-en-la-onu category-cop-es category-cop-28-es-2 category-cuidado-de-la-creacion\"><div class=\"et_pb_image_container\"><a href=\"https:\/\/www.somicmf.org\/es\/cop-28-actualizacion-8\/\" class=\"entry-featured-image-url\"><img loading=\"lazy\" decoding=\"async\" src=\"https:\/\/www.somicmf.org\/wp-content\/uploads\/2024\/02\/UD-8-1280x349-1.webp\" width=\"400\" height=\"284\" alt=\"COP 28 &#8211; Actualizaci\u00f3n 8\" class=\"\" srcset=\"https:\/\/www.somicmf.org\/wp-content\/uploads\/2024\/02\/UD-8-1280x349-1.webp 479w, https:\/\/www.somicmf.org\/wp-content\/uploads\/2024\/02\/UD-8-1280x349-1-400x284.webp 480w\" sizes=\"(max-width:479px) 479px, 100vw\" \/><span data-icon=\"\ue050\" class=\"et_overlay et_pb_inline_icon\"><\/span><\/a><\/div><h2 class=\"entry-title\"><a href=\"https:\/\/www.somicmf.org\/es\/cop-28-actualizacion-8\/\">COP 28 &#8211; Actualizaci\u00f3n 8<\/a><\/h2><p class=\"post-meta\"><span class=\"published\">Dic 8, 2023<\/span> | <span class=\"entry-categories\"><a href=\"https:\/\/www.somicmf.org\/es\/categoria-es\/claretianos-en-la-onu\/\" rel=\"tag\">Claretianos en la ONU<\/a>, <a href=\"https:\/\/www.somicmf.org\/es\/categoria-es\/campanas-y-eventos-en-la-onu\/cop-es\/\" rel=\"tag\">COP<\/a>, <a href=\"https:\/\/www.somicmf.org\/es\/categoria-es\/campanas-y-eventos-en-la-onu\/cop-es\/cop-28-es-2\/\" rel=\"tag\">COP 28<\/a>, <a href=\"https:\/\/www.somicmf.org\/es\/categoria-es\/campanas-y-eventos-en-la-onu\/cuidado-de-la-creacion\/\" rel=\"tag\">Cuidado de la creaci\u00f3n<\/a><\/span><\/p><div class=\"post-content\"><div class=\"post-content-inner\"><\/div><a href=\"https:\/\/www.somicmf.org\/es\/cop-28-actualizacion-8\/\" class=\"more-link\">leer m\u00e1s...<\/a><\/div><\/article><\/div><div class=\"pagination clearfix\">\n\t<div class=\"alignleft\"><\/div>\n\t<div class=\"alignright\"><\/div>\n<\/div><\/div><\/div><\/div><\/div><\/div><div class=\"et_pb_section_3 et_pb_section et_pb_fullwidth_section et_section_regular et_block_section\"><section class=\"et_pb_fullwidth_header_1 et_pb_fullwidth_header et_pb_bg_layout_dark et_pb_text_align_left et_pb_module et_flex_module\"><div class=\"et_pb_fullwidth_header_container left\"><div class=\"header-content-container center\"><div class=\"header-content et_flex_module\"><h1 class=\"et_pb_module_header\">\u00bfQu\u00e9 es la COP?<\/h1><div class=\"et_pb_header_content_wrapper\"><p><strong>Un momento cr\u00edtico en la acci\u00f3n clim\u00e1tica transformadora nivel mundial<\/strong><br role=\"presentation\" data-uw-rm-sr=\"\"><br role=\"presentation\" data-uw-rm-sr=\"\">En los tres decenios transcurridos desde la Cumbre de R\u00edo y el lanzamiento de la Convenci\u00f3n Marco de las Naciones Unidas sobre el Cambio Clim\u00e1tico (CMNUCC), la Conferencia de las Partes en la Convenci\u00f3n (COP) ha convocado a los pa\u00edses miembros cada a\u00f1o para determinar sus ambiciones y responsabilidades, y determinar y evaluar las medidas clim\u00e1ticas. La 21\u00aa sesi\u00f3n de la COP (COP21) condujo al Acuerdo de Par\u00eds, que moviliz\u00f3 la acci\u00f3n colectiva global para limitar el aumento de la temperatura global a 1.5C por encima de los niveles preindustriales para 2100, y para actuar para adaptarse a los efectos ya existentes del cambio clim\u00e1tico.<\/p>\n<\/div><div class=\"et_pb_header_button_wrapper\"><\/div><\/div><\/div><\/div><div class=\"et_pb_fullwidth_header_overlay\"><\/div><div class=\"et_pb_fullwidth_header_scroll\"><\/div><\/section><\/div><div class=\"et_pb_section_4 et_pb_section et_section_regular et_block_section\"><div class=\"et_pb_row_1 et_pb_row et-vb-row--no-module et_block_row\"><div class=\"et_pb_column_4 et_pb_column et_pb_column_4_4 et-last-child et_block_column et_pb_column_empty et_pb_css_mix_blend_mode_passthrough\"><\/div><\/div><\/div>\n","protected":false},"excerpt":{"rendered":"","protected":false},"author":7,"featured_media":0,"parent":0,"menu_order":0,"comment_status":"closed","ping_status":"closed","template":"","meta":{"footnotes":""},"class_list":["post-573","page","type-page","status-publish","hentry"],"_links":{"self":[{"href":"https:\/\/www.somicmf.org\/es\/wp-json\/wp\/v2\/pages\/573","targetHints":{"allow":["GET"]}}],"collection":[{"href":"https:\/\/www.somicmf.org\/es\/wp-json\/wp\/v2\/pages"}],"about":[{"href":"https:\/\/www.somicmf.org\/es\/wp-json\/wp\/v2\/types\/page"}],"author":[{"embeddable":true,"href":"https:\/\/www.somicmf.org\/es\/wp-json\/wp\/v2\/users\/7"}],"replies":[{"embeddable":true,"href":"https:\/\/www.somicmf.org\/es\/wp-json\/wp\/v2\/comments?post=573"}],"version-history":[{"count":7,"href":"https:\/\/www.somicmf.org\/es\/wp-json\/wp\/v2\/pages\/573\/revisions"}],"predecessor-version":[{"id":6899,"href":"https:\/\/www.somicmf.org\/es\/wp-json\/wp\/v2\/pages\/573\/revisions\/6899"}],"wp:attachment":[{"href":"https:\/\/www.somicmf.org\/es\/wp-json\/wp\/v2\/media?parent=573"}],"curies":[{"name":"wp","href":"https:\/\/api.w.org\/{rel}","templated":true}]}}