{"id":234,"date":"2024-02-07T19:59:13","date_gmt":"2024-02-07T18:59:13","guid":{"rendered":"https:\/\/www.somicmf.org\/somi\/"},"modified":"2026-04-15T17:07:15","modified_gmt":"2026-04-15T15:07:15","slug":"somi","status":"publish","type":"page","link":"https:\/\/www.somicmf.org\/es\/","title":{"rendered":"Inicio"},"content":{"rendered":"<div class=\"et_pb_section_0 et_pb_section et_section_regular et_block_section\">\n<div class=\"et_pb_row_0 et_pb_row et_pb_row_4col et_block_row et_block_row_4col\">\n<div class=\"et_pb_column_0 et_pb_column et_pb_column_1_4 et_block_column et_pb_css_mix_blend_mode_passthrough\">\n<div class=\"et_pb_icon_0 et_pb_icon et_animated et_clickable et_pb_module et_block_module\"><span class=\"et_pb_icon_wrap\"><a href=\"https:\/\/www.somicmf.org\/es\/dia-de-la-mision-claretiana\/dia-de-la-mision-claretiana-2026\/\" target=\"\"><span class=\"et-pb-icon\">\uf51d<\/span><\/a><\/span><\/div>\n\n<div class=\"et_pb_text_0 et_pb_text et_pb_bg_layout_light et_clickable et_pb_module et_block_module\"><div class=\"et_pb_text_inner\"><h4 style=\"text-align: center;\">D\u00eda de la Misi\u00f3n Claretiana 2026<\/h4>\n<\/div><\/div>\n<\/div>\n\n<div class=\"et_pb_column_1 et_pb_column et_pb_column_1_4 et_block_column et_pb_css_mix_blend_mode_passthrough\">\n<div class=\"et_pb_icon_1 et_pb_icon et_animated et_clickable et_pb_module et_block_module\"><span class=\"et_pb_icon_wrap\"><a href=\"https:\/\/www.somicmf.org\/international-day-of-water\/\" target=\"\"><span class=\"et-pb-icon\">\ue0de<\/span><\/a><\/span><\/div>\n\n<div class=\"et_pb_text_1 et_pb_text et_pb_bg_layout_light et_pb_module et_block_module\"><div class=\"et_pb_text_inner\"><h4 style=\"text-align: center;\">D\u00eda Internacional del Agua 2025<\/h4>\n<\/div><\/div>\n<\/div>\n\n<div class=\"et_pb_column_2 et_pb_column et_pb_column_1_4 et_block_column et_pb_css_mix_blend_mode_passthrough\">\n<div class=\"et_pb_icon_2 et_pb_icon et_animated et_clickable et_pb_module et_block_module\"><span class=\"et_pb_icon_wrap\"><a href=\"https:\/\/www.somicmf.org\/cop-30\/?et_fb=1&#038;PageSpeed=off\" target=\"\"><span class=\"et-pb-icon\">\uf2b5<\/span><\/a><\/span><\/div>\n\n<div class=\"et_pb_text_2 et_pb_text et_pb_bg_layout_light et_clickable et_pb_module et_block_module\"><div class=\"et_pb_text_inner\"><h4 style=\"text-align: center;\">COP 30<\/h4>\n<\/div><\/div>\n<\/div>\n\n<div class=\"et_pb_column_3 et_pb_column et_pb_column_1_4 et-last-child et_block_column et_pb_css_mix_blend_mode_passthrough\">\n<div class=\"et_pb_icon_3 et_pb_icon et_animated et_pb_module et_block_module\"><span class=\"et_pb_icon_wrap\"><span class=\"et-pb-icon\">\uf133<\/span><\/span><\/div>\n\n<div class=\"et_pb_text_3 et_pb_text et_pb_bg_layout_light et_pb_module et_block_module\"><div class=\"et_pb_text_inner\"><h4 style=\"text-align: center;\">Calendario SOMI<br \/>2025<\/h4>\n<\/div><\/div>\n<\/div>\n<\/div>\n<\/div>\n\n<div class=\"et_pb_section_1 et_pb_section et_section_regular et_block_section\">\n<div class=\"et_pb_row_1 et_pb_row et_block_row\">\n<div class=\"et_pb_column_4 et_pb_column et_pb_column_4_4 et-last-child et_block_column et_pb_css_mix_blend_mode_passthrough\">\n<div class=\"et_pb_module et_pb_button_module_wrapper et_pb_button_0_wrapper\"><a class=\"et_pb_button_0 et_pb_button et_pb_bg_layout_light et_animated et_pb_module et_block_module\" href=\"\">\u00bfQu\u00e9 es SOMI?<\/a><\/div>\n<\/div>\n<\/div>\n<\/div>\n\n<div class=\"et_pb_section_2 et_pb_section et_section_regular et_block_section\">\n<div class=\"et_pb_row_2 et_pb_row et_block_row\">\n<div class=\"et_pb_column_5 et_pb_column et_pb_column_1_3 et_block_column et_pb_css_mix_blend_mode_passthrough\">\n<div class=\"et_pb_blurb_0 et_pb_blurb et_pb_bg_layout_light et_pb_blurb_position_top et_animated et_clickable et_pb_module et_block_module\"><div class=\"et_pb_blurb_content\"><div class=\"et_pb_main_blurb_image\"><a href=\"https:\/\/www.somicmf.org\/mission-procure\/\"><span class=\"et_pb_image_wrap et_pb_only_image_mode_wrap\"><img loading=\"lazy\" decoding=\"async\" src=\"https:\/\/www.somicmf.org\/wp-content\/uploads\/2024\/02\/procure.jpg\" width=\"1230\" height=\"692\" srcset=\"https:\/\/www.somicmf.org\/wp-content\/uploads\/2024\/02\/procure.jpg 1230w, https:\/\/www.somicmf.org\/wp-content\/uploads\/2024\/02\/procure-980x551.jpg 980w, https:\/\/www.somicmf.org\/wp-content\/uploads\/2024\/02\/procure-480x270.jpg 480w\" sizes=\"(min-width: 0px) and (max-width: 480px) 480px, (min-width: 481px) and (max-width: 980px) 980px, (min-width: 981px) 1230px, 100vw\" class=\"et_animated wp-image-129\" \/><\/span><\/a><\/div><div class=\"et_pb_blurb_container\"><h4 class=\"et_pb_module_header\"><a href=\"https:\/\/www.somicmf.org\/mission-procure\/\">Procura de las Misiones <\/a><\/h4><div class=\"et_pb_blurb_description\"><p>Fomenta la conciencia misionera de la Congregaci\u00f3n y la oraci\u00f3n por las misiones, y canaliza la b\u00fasqueda de fondos y recursos que permitan atender misioneramente a las poblaciones m\u00e1s alejadas de Cristo o con menos recursos.<\/p>\n<\/div><\/div><\/div><\/div>\n<\/div>\n\n<div class=\"et_pb_column_6 et_pb_column et_pb_column_1_3 et_block_column et_pb_css_mix_blend_mode_passthrough\">\n<div class=\"et_pb_blurb_1 et_pb_blurb et_pb_bg_layout_light et_pb_blurb_position_top et_animated et_pb_module et_block_module\"><div class=\"et_pb_blurb_content\"><div class=\"et_pb_main_blurb_image\"><span class=\"et_pb_image_wrap et_pb_only_image_mode_wrap\"><img loading=\"lazy\" decoding=\"async\" src=\"https:\/\/www.somicmf.org\/wp-content\/uploads\/2024\/02\/UN-Team.jpg\" width=\"1092\" height=\"614\" srcset=\"https:\/\/www.somicmf.org\/wp-content\/uploads\/2024\/02\/UN-Team.jpg 1092w, https:\/\/www.somicmf.org\/wp-content\/uploads\/2024\/02\/UN-Team-980x551.jpg 980w, https:\/\/www.somicmf.org\/wp-content\/uploads\/2024\/02\/UN-Team-480x270.jpg 480w\" sizes=\"(min-width: 0px) and (max-width: 480px) 480px, (min-width: 481px) and (max-width: 980px) 980px, (min-width: 981px) 1092px, 100vw\" class=\"et_animated wp-image-137\" \/><\/span><\/div><div class=\"et_pb_blurb_container\"><h4 class=\"et_pb_module_header\">Claretianos en la ONU<\/h4><div class=\"et_pb_blurb_description\"><p>Acreditada ante diversas instituciones de las Naciones Unidas a trav\u00e9s de <strong>PROCLADE INTERNAZIONALE<\/strong>. Promueve el enriquecimiento de la informaci\u00f3n y los proyectos de las Naciones Unidas, haciendo llegar la voz de la Congregaci\u00f3n y de quienes comparten su vida a casi 70 pa\u00edses.<\/p>\n<\/div><\/div><\/div><\/div>\n<\/div>\n\n<div class=\"et_pb_column_7 et_pb_column et_pb_column_1_3 et-last-child et_block_column et_pb_css_mix_blend_mode_passthrough\">\n<div class=\"et_pb_blurb_2 et_pb_blurb et_pb_bg_layout_light et_pb_blurb_position_top et_animated et_clickable et_pb_module et_block_module\"><div class=\"et_pb_blurb_content\"><div class=\"et_pb_main_blurb_image\"><a href=\"https:\/\/www.somicmf.org\/?page_id=15\"><span class=\"et_pb_image_wrap et_pb_only_image_mode_wrap\"><img loading=\"lazy\" decoding=\"async\" src=\"https:\/\/www.somicmf.org\/wp-content\/uploads\/2024\/09\/IMG_2642.jpg\" width=\"1928\" height=\"1096\" srcset=\"https:\/\/www.somicmf.org\/wp-content\/uploads\/2024\/09\/IMG_2642.jpg 1928w, https:\/\/www.somicmf.org\/wp-content\/uploads\/2024\/09\/IMG_2642-1280x728.jpg 1280w, https:\/\/www.somicmf.org\/wp-content\/uploads\/2024\/09\/IMG_2642-980x557.jpg 980w, https:\/\/www.somicmf.org\/wp-content\/uploads\/2024\/09\/IMG_2642-480x273.jpg 480w\" sizes=\"(min-width: 0px) and (max-width: 480px) 480px, (min-width: 481px) and (max-width: 980px) 980px, (min-width: 981px) and (max-width: 1280px) 1280px, (min-width: 1281px) 1928px, 100vw\" class=\"et_animated wp-image-1889\" \/><\/span><\/a><\/div><div class=\"et_pb_blurb_container\"><h4 class=\"et_pb_module_header\"><a href=\"https:\/\/www.somicmf.org\/?page_id=15\">Secretar\u00eda de JPIC<\/a><\/h4><div class=\"et_pb_blurb_description\"><p>Ayuda a los organismos principales a que la labor de evangelizaci\u00f3n sea prof\u00e9tica y liberadora, desde la perspectiva de los pobres y los necesitados (cf. Dir. 113)<\/p>\n<\/div><\/div><\/div><\/div>\n<\/div>\n<\/div>\n<\/div>\n\n<div class=\"et_pb_section_3 et_pb_section et_section_regular et_block_section\"><\/div>","protected":false},"excerpt":{"rendered":"","protected":false},"author":7,"featured_media":0,"parent":0,"menu_order":0,"comment_status":"closed","ping_status":"closed","template":"","meta":{"footnotes":""},"class_list":["post-234","page","type-page","status-publish","hentry"],"_links":{"self":[{"href":"https:\/\/www.somicmf.org\/es\/wp-json\/wp\/v2\/pages\/234","targetHints":{"allow":["GET"]}}],"collection":[{"href":"https:\/\/www.somicmf.org\/es\/wp-json\/wp\/v2\/pages"}],"about":[{"href":"https:\/\/www.somicmf.org\/es\/wp-json\/wp\/v2\/types\/page"}],"author":[{"embeddable":true,"href":"https:\/\/www.somicmf.org\/es\/wp-json\/wp\/v2\/users\/7"}],"replies":[{"embeddable":true,"href":"https:\/\/www.somicmf.org\/es\/wp-json\/wp\/v2\/comments?post=234"}],"version-history":[{"count":82,"href":"https:\/\/www.somicmf.org\/es\/wp-json\/wp\/v2\/pages\/234\/revisions"}],"predecessor-version":[{"id":7765,"href":"https:\/\/www.somicmf.org\/es\/wp-json\/wp\/v2\/pages\/234\/revisions\/7765"}],"wp:attachment":[{"href":"https:\/\/www.somicmf.org\/es\/wp-json\/wp\/v2\/media?parent=234"}],"curies":[{"name":"wp","href":"https:\/\/api.w.org\/{rel}","templated":true}]}}